{"id":5534,"date":"2024-04-16T20:48:05","date_gmt":"2024-04-16T20:48:05","guid":{"rendered":"https:\/\/www.nifa-bayern.de\/?page_id=5534"},"modified":"2024-05-12T11:07:42","modified_gmt":"2024-05-12T11:07:42","slug":"uber-nifa","status":"publish","type":"page","link":"https:\/\/www.nifa-bayern.de\/?page_id=5534","title":{"rendered":"\u00dcber NIfA"},"content":{"rendered":"\n<p><strong>Afrika<\/strong>\u00a0ist unser\u00a0<strong>Nachbarkontinent<\/strong>, nur\u00a0<strong>wenige Kilometer von Europa<\/strong>\u00a0getrennt.<br>Er liegt uns viel n\u00e4her als Amerika oder Asien. Trotzdem wissen die meisten Menschen noch zu wenig \u00fcber ihn, \u00fcber seine Menschen und ihre Geschichte. Dies, obwohl der afrikanische Kontinent in seiner Bedeutung f\u00fcr das Leben auf unserem Globus und insbesondere f\u00fcr das Leben der Menschen in Europa best\u00e4ndig zunimmt.<br>Das Bild unserer Gesellschaft von Afrika und seinen Menschen, auch das vieler N\u00fcrnbergerinnen und N\u00fcrnberger, d\u00fcrfte von Vorurteilen gepr\u00e4gt sein, deren Ursachen weit zur\u00fcck reichen und von einer mannigfachen Berichterstattungen der Medien \u00fcber Katastrophen, Hunger, Despotie, Gewalt, Korruption und Misswirtschaft, immer wieder aufs Neue gen\u00e4hrt wird. Um dieses Bild zu \u00e4ndern hat sich 2008 ein Netzwerk von Vereinen, Initiativen, Einzelpersonen und Institution gebildet, die \u201e<strong>N\u00fcrnberger Initiative f\u00fcr Afrika- NIFA e.V.<\/strong>\u201c<\/p>\n\n\n\n<p><br>Dieses Netzwerk trifft sich regelm\u00e4\u00dfig zum Austausch und plant Aktivit\u00e4ten das Jahr \u00fcber.<br>Wichtig ist uns, dass\u00a0<strong>jede Gruppe ihre Eigenst\u00e4ndigkeit<\/strong>\u00a0beh\u00e4lt.<\/p>\n\n\n\n<p class=\"has-black-color has-text-color has-link-color wp-elements-5c42b2c86c813846ae90ad4d163c9a1b\">Neue\u00a0<strong>Gruppen und Einzelpersonen, die sich einbringen wollen, sind jederzeit willkommen<\/strong>.<\/p>\n","protected":false},"excerpt":{"rendered":"<p>Afrika\u00a0ist unser\u00a0Nachbarkontinent, nur\u00a0wenige Kilometer von Europa\u00a0getrennt.Er liegt uns viel n\u00e4her als Amerika oder Asien. Trotzdem wissen die meisten Menschen noch zu wenig \u00fcber ihn, \u00fcber seine Menschen und ihre Geschichte. [&hellip;]<\/p>\n","protected":false},"author":2,"featured_media":0,"parent":0,"menu_order":0,"comment_status":"closed","ping_status":"closed","template":"","meta":{"ngg_post_thumbnail":0,"_price":"","_stock":"","_tribe_ticket_header":"","_tribe_default_ticket_provider":"","_tribe_ticket_capacity":"0","_ticket_start_date":"","_ticket_end_date":"","_tribe_ticket_show_description":"","_tribe_ticket_show_not_going":false,"_tribe_ticket_use_global_stock":"","_tribe_ticket_global_stock_level":"","_global_stock_mode":"","_global_stock_cap":"","_tribe_rsvp_for_event":"","_tribe_ticket_going_count":"","_tribe_ticket_not_going_count":"","_tribe_tickets_list":"[]","_tribe_ticket_has_attendee_info_fields":false,"_EventAllDay":false,"_EventTimezone":"","_EventStartDate":"","_EventEndDate":"","_EventStartDateUTC":"","_EventEndDateUTC":"","_EventShowMap":false,"_EventShowMapLink":false,"_EventURL":"","_EventCost":"","_EventCostDescription":"","_EventCurrencySymbol":"","_EventCurrencyCode":"","_EventCurrencyPosition":"","_EventDateTimeSeparator":"","_EventTimeRangeSeparator":"","_EventOrganizerID":[],"_EventVenueID":[],"_OrganizerEmail":"","_OrganizerPhone":"","_OrganizerWebsite":"","_VenueAddress":"","_VenueCity":"","_VenueCountry":"","_VenueProvince":"","_VenueState":"","_VenueZip":"","_VenuePhone":"","_VenueURL":"","_VenueStateProvince":"","_VenueLat":"","_VenueLng":"","_VenueShowMap":false,"_VenueShowMapLink":false,"footnotes":"","_tec_slr_enabled":"","_tec_slr_layout":""},"class_list":["post-5534","page","type-page","status-publish","hentry"],"yoast_head":"<!-- This site is optimized with the Yoast SEO plugin v27.3 - https:\/\/yoast.com\/product\/yoast-seo-wordpress\/ -->\n<title>\u00dcber NIfA - N\u00fcrnberger Initiative F\u00fcr Afrika e.V.<\/title>\n<meta name=\"robots\" content=\"index, follow, max-snippet:-1, max-image-preview:large, max-video-preview:-1\" \/>\n<link rel=\"canonical\" href=\"https:\/\/www.nifa-bayern.de\/?page_id=5534\" \/>\n<meta property=\"og:locale\" content=\"de_DE\" \/>\n<meta property=\"og:type\" content=\"article\" \/>\n<meta property=\"og:title\" content=\"\u00dcber NIfA - N\u00fcrnberger Initiative F\u00fcr Afrika e.V.\" \/>\n<meta property=\"og:description\" content=\"Afrika\u00a0ist unser\u00a0Nachbarkontinent, nur\u00a0wenige Kilometer von Europa\u00a0getrennt.Er liegt uns viel n\u00e4her als Amerika oder Asien. Trotzdem wissen die meisten Menschen noch zu wenig \u00fcber ihn, \u00fcber seine Menschen und ihre Geschichte. [&hellip;]\" \/>\n<meta property=\"og:url\" content=\"https:\/\/www.nifa-bayern.de\/?page_id=5534\" \/>\n<meta property=\"og:site_name\" content=\"N\u00fcrnberger Initiative F\u00fcr Afrika e.V.\" \/>\n<meta property=\"article:publisher\" content=\"https:\/\/www.facebook.com\/NIfABayern\" \/>\n<meta property=\"article:modified_time\" content=\"2024-05-12T11:07:42+00:00\" \/>\n<meta name=\"twitter:card\" content=\"summary_large_image\" \/>\n<meta name=\"twitter:label1\" content=\"Gesch\u00e4tzte Lesezeit\" \/>\n\t<meta name=\"twitter:data1\" content=\"1\u00a0Minute\" \/>\n<script type=\"application\/ld+json\" class=\"yoast-schema-graph\">{\"@context\":\"https:\\\/\\\/schema.org\",\"@graph\":[{\"@type\":\"WebPage\",\"@id\":\"https:\\\/\\\/www.nifa-bayern.de\\\/?page_id=5534\",\"url\":\"https:\\\/\\\/www.nifa-bayern.de\\\/?page_id=5534\",\"name\":\"\u00dcber NIfA - N\u00fcrnberger Initiative F\u00fcr Afrika e.V.\",\"isPartOf\":{\"@id\":\"https:\\\/\\\/www.nifa-bayern.de\\\/#website\"},\"datePublished\":\"2024-04-16T20:48:05+00:00\",\"dateModified\":\"2024-05-12T11:07:42+00:00\",\"breadcrumb\":{\"@id\":\"https:\\\/\\\/www.nifa-bayern.de\\\/?page_id=5534#breadcrumb\"},\"inLanguage\":\"de\",\"potentialAction\":[{\"@type\":\"ReadAction\",\"target\":[\"https:\\\/\\\/www.nifa-bayern.de\\\/?page_id=5534\"]}]},{\"@type\":\"BreadcrumbList\",\"@id\":\"https:\\\/\\\/www.nifa-bayern.de\\\/?page_id=5534#breadcrumb\",\"itemListElement\":[{\"@type\":\"ListItem\",\"position\":1,\"name\":\"Startseite\",\"item\":\"https:\\\/\\\/www.nifa-bayern.de\\\/\"},{\"@type\":\"ListItem\",\"position\":2,\"name\":\"\u00dcber NIfA\"}]},{\"@type\":\"WebSite\",\"@id\":\"https:\\\/\\\/www.nifa-bayern.de\\\/#website\",\"url\":\"https:\\\/\\\/www.nifa-bayern.de\\\/\",\"name\":\"N\u00fcrnberger Initiative F\u00fcr Afrika\",\"description\":\"\",\"publisher\":{\"@id\":\"https:\\\/\\\/www.nifa-bayern.de\\\/#organization\"},\"potentialAction\":[{\"@type\":\"SearchAction\",\"target\":{\"@type\":\"EntryPoint\",\"urlTemplate\":\"https:\\\/\\\/www.nifa-bayern.de\\\/?s={search_term_string}\"},\"query-input\":{\"@type\":\"PropertyValueSpecification\",\"valueRequired\":true,\"valueName\":\"search_term_string\"}}],\"inLanguage\":\"de\"},{\"@type\":\"Organization\",\"@id\":\"https:\\\/\\\/www.nifa-bayern.de\\\/#organization\",\"name\":\"N\u00fcrnberger Initiative F\u00fcr Afrika\",\"url\":\"https:\\\/\\\/www.nifa-bayern.de\\\/\",\"logo\":{\"@type\":\"ImageObject\",\"inLanguage\":\"de\",\"@id\":\"https:\\\/\\\/www.nifa-bayern.de\\\/#\\\/schema\\\/logo\\\/image\\\/\",\"url\":\"https:\\\/\\\/www.nifa-bayern.de\\\/wp-content\\\/uploads\\\/2020\\\/07\\\/NIFA_Logo_small.png\",\"contentUrl\":\"https:\\\/\\\/www.nifa-bayern.de\\\/wp-content\\\/uploads\\\/2020\\\/07\\\/NIFA_Logo_small.png\",\"width\":570,\"height\":231,\"caption\":\"N\u00fcrnberger Initiative F\u00fcr Afrika\"},\"image\":{\"@id\":\"https:\\\/\\\/www.nifa-bayern.de\\\/#\\\/schema\\\/logo\\\/image\\\/\"},\"sameAs\":[\"https:\\\/\\\/www.facebook.com\\\/NIfABayern\"]}]}<\/script>\n<!-- \/ Yoast SEO plugin. -->","yoast_head_json":{"title":"\u00dcber NIfA - N\u00fcrnberger Initiative F\u00fcr Afrika e.V.","robots":{"index":"index","follow":"follow","max-snippet":"max-snippet:-1","max-image-preview":"max-image-preview:large","max-video-preview":"max-video-preview:-1"},"canonical":"https:\/\/www.nifa-bayern.de\/?page_id=5534","og_locale":"de_DE","og_type":"article","og_title":"\u00dcber NIfA - N\u00fcrnberger Initiative F\u00fcr Afrika e.V.","og_description":"Afrika\u00a0ist unser\u00a0Nachbarkontinent, nur\u00a0wenige Kilometer von Europa\u00a0getrennt.Er liegt uns viel n\u00e4her als Amerika oder Asien. Trotzdem wissen die meisten Menschen noch zu wenig \u00fcber ihn, \u00fcber seine Menschen und ihre Geschichte. [&hellip;]","og_url":"https:\/\/www.nifa-bayern.de\/?page_id=5534","og_site_name":"N\u00fcrnberger Initiative F\u00fcr Afrika e.V.","article_publisher":"https:\/\/www.facebook.com\/NIfABayern","article_modified_time":"2024-05-12T11:07:42+00:00","twitter_card":"summary_large_image","twitter_misc":{"Gesch\u00e4tzte Lesezeit":"1\u00a0Minute"},"schema":{"@context":"https:\/\/schema.org","@graph":[{"@type":"WebPage","@id":"https:\/\/www.nifa-bayern.de\/?page_id=5534","url":"https:\/\/www.nifa-bayern.de\/?page_id=5534","name":"\u00dcber NIfA - N\u00fcrnberger Initiative F\u00fcr Afrika e.V.","isPartOf":{"@id":"https:\/\/www.nifa-bayern.de\/#website"},"datePublished":"2024-04-16T20:48:05+00:00","dateModified":"2024-05-12T11:07:42+00:00","breadcrumb":{"@id":"https:\/\/www.nifa-bayern.de\/?page_id=5534#breadcrumb"},"inLanguage":"de","potentialAction":[{"@type":"ReadAction","target":["https:\/\/www.nifa-bayern.de\/?page_id=5534"]}]},{"@type":"BreadcrumbList","@id":"https:\/\/www.nifa-bayern.de\/?page_id=5534#breadcrumb","itemListElement":[{"@type":"ListItem","position":1,"name":"Startseite","item":"https:\/\/www.nifa-bayern.de\/"},{"@type":"ListItem","position":2,"name":"\u00dcber NIfA"}]},{"@type":"WebSite","@id":"https:\/\/www.nifa-bayern.de\/#website","url":"https:\/\/www.nifa-bayern.de\/","name":"N\u00fcrnberger Initiative F\u00fcr Afrika","description":"","publisher":{"@id":"https:\/\/www.nifa-bayern.de\/#organization"},"potentialAction":[{"@type":"SearchAction","target":{"@type":"EntryPoint","urlTemplate":"https:\/\/www.nifa-bayern.de\/?s={search_term_string}"},"query-input":{"@type":"PropertyValueSpecification","valueRequired":true,"valueName":"search_term_string"}}],"inLanguage":"de"},{"@type":"Organization","@id":"https:\/\/www.nifa-bayern.de\/#organization","name":"N\u00fcrnberger Initiative F\u00fcr Afrika","url":"https:\/\/www.nifa-bayern.de\/","logo":{"@type":"ImageObject","inLanguage":"de","@id":"https:\/\/www.nifa-bayern.de\/#\/schema\/logo\/image\/","url":"https:\/\/www.nifa-bayern.de\/wp-content\/uploads\/2020\/07\/NIFA_Logo_small.png","contentUrl":"https:\/\/www.nifa-bayern.de\/wp-content\/uploads\/2020\/07\/NIFA_Logo_small.png","width":570,"height":231,"caption":"N\u00fcrnberger Initiative F\u00fcr Afrika"},"image":{"@id":"https:\/\/www.nifa-bayern.de\/#\/schema\/logo\/image\/"},"sameAs":["https:\/\/www.facebook.com\/NIfABayern"]}]}},"ticketed":false,"_links":{"self":[{"href":"https:\/\/www.nifa-bayern.de\/index.php?rest_route=\/wp\/v2\/pages\/5534","targetHints":{"allow":["GET"]}}],"collection":[{"href":"https:\/\/www.nifa-bayern.de\/index.php?rest_route=\/wp\/v2\/pages"}],"about":[{"href":"https:\/\/www.nifa-bayern.de\/index.php?rest_route=\/wp\/v2\/types\/page"}],"author":[{"embeddable":true,"href":"https:\/\/www.nifa-bayern.de\/index.php?rest_route=\/wp\/v2\/users\/2"}],"replies":[{"embeddable":true,"href":"https:\/\/www.nifa-bayern.de\/index.php?rest_route=%2Fwp%2Fv2%2Fcomments&post=5534"}],"version-history":[{"count":2,"href":"https:\/\/www.nifa-bayern.de\/index.php?rest_route=\/wp\/v2\/pages\/5534\/revisions"}],"predecessor-version":[{"id":6099,"href":"https:\/\/www.nifa-bayern.de\/index.php?rest_route=\/wp\/v2\/pages\/5534\/revisions\/6099"}],"wp:attachment":[{"href":"https:\/\/www.nifa-bayern.de\/index.php?rest_route=%2Fwp%2Fv2%2Fmedia&parent=5534"}],"curies":[{"name":"wp","href":"https:\/\/api.w.org\/{rel}","templated":true}]}}