{"id":5536,"date":"2024-04-16T20:48:40","date_gmt":"2024-04-16T20:48:40","guid":{"rendered":"https:\/\/www.nifa-bayern.de\/?page_id=5536"},"modified":"2024-05-25T12:14:10","modified_gmt":"2024-05-25T12:14:10","slug":"wer-sind-wir","status":"publish","type":"page","link":"https:\/\/www.nifa-bayern.de\/?page_id=5536","title":{"rendered":"Wer sind wir"},"content":{"rendered":"<div class=\"yoast-breadcrumbs\"><span><span><a href=\"https:\/\/www.nifa-bayern.de\/\">Startseite<\/a><\/span> \u00bb <span class=\"breadcrumb_last\" aria-current=\"page\">Wer sind wir<\/span><\/span><\/div>\n\n\n<figure class=\"wp-block-image size-full\"><img fetchpriority=\"high\" decoding=\"async\" width=\"1024\" height=\"700\" src=\"https:\/\/www.nifa-bayern.de\/wp-content\/uploads\/2024\/05\/wer_sind_wir1024x700.jpg\" alt=\"\" class=\"wp-image-6101\" srcset=\"https:\/\/www.nifa-bayern.de\/wp-content\/uploads\/2024\/05\/wer_sind_wir1024x700.jpg 1024w, https:\/\/www.nifa-bayern.de\/wp-content\/uploads\/2024\/05\/wer_sind_wir1024x700-300x205.jpg 300w, https:\/\/www.nifa-bayern.de\/wp-content\/uploads\/2024\/05\/wer_sind_wir1024x700-768x525.jpg 768w, https:\/\/www.nifa-bayern.de\/wp-content\/uploads\/2024\/05\/wer_sind_wir1024x700-600x410.jpg 600w, https:\/\/www.nifa-bayern.de\/wp-content\/uploads\/2024\/05\/wer_sind_wir1024x700-560x383.jpg 560w\" sizes=\"(max-width: 1024px) 100vw, 1024px\" \/><\/figure>\n\n\n\n<p><strong>Wof\u00fcr steht die N\u00fcrnberger Initiative f\u00fcr Afrika e.V.<\/strong>?<\/p>\n\n\n\n<p>Afrika ist unser Nachbarkontinent, nur wenige Kilometer von Europa getrennt.<br>Er liegt uns viel n\u00e4her als Amerika oder Asien. Trotzdem wissen die meisten Menschen noch zu wenig \u00fcber ihn, \u00fcber seine Menschen und ihre Geschichte. Dies, obwohl der afrikanische Kontinent in seiner Bedeutung f\u00fcr das Leben auf unserem Globus und insbesondere f\u00fcr das Leben der Menschen in Europa best\u00e4ndig zunimmt.<br>Das Bild unserer Gesellschaft von Afrika und seinen Menschen, auch das vieler N\u00fcrnbergerinnen und N\u00fcrnberger, d\u00fcrfte von Vorurteilen gepr\u00e4gt sein, deren Ursachen weit zur\u00fcck reichen und von einer mannigfachen Berichterstattungen der Medien \u00fcber Katastrophen, Hunger, Despotie, Gewalt, Korruption und Misswirtschaft, immer wieder aufs Neue gen\u00e4hrt wird. Um dieses Bild zu \u00e4ndern hat sich 2008 ein&nbsp;<strong>Netzwerk<\/strong>&nbsp;von Vereinen, Initiativen, Einzelpersonen und Institution gebildet, die&nbsp;<strong>\u201eN\u00fcrnberger Initiative f\u00fcr Afrika- NIFA e.V.\u201c<\/strong><br>Dieses Netzwerk trifft sich regelm\u00e4\u00dfig zum Austausch und plant Aktivit\u00e4ten das Jahr \u00fcber.<br>Wichtig ist uns, dass jede Gruppe ihre Eigenst\u00e4ndigkeit beh\u00e4lt.<br>Neue Gruppen und Einzelpersonen, die sich einbringen wollen, sind jederzeit willkommen.<\/p>\n\n\n\n<p><\/p>\n\n\n\n<p><strong>Ziele<\/strong><\/p>\n\n\n\n<ul class=\"wp-block-list\">\n<li>Bestehende Stereotypen, die mit Afrika verbunden werden, sollen hinterfragt, Vorurteile abgebaut, Klischees entgegengewirkt werden.<\/li>\n\n\n\n<li>Die InitiatorInnen setzen sich f\u00fcr ein differenziertes Bild und Verst\u00e4ndnis von Afrika ein.<\/li>\n\n\n\n<li><strong>NIFA e.V.<\/strong>&nbsp;will eine Plattform der Begegnung f\u00fcr in der Region N\u00fcrnberg und Franken lebende AfrikanerInnen und Deutsche schaffen und M\u00f6glichkeiten f\u00fcr einen Dialog bieten.<\/li>\n\n\n\n<li>Der afrikanische Kontinent in all seiner Vielfalt soll mittels verschiedener Veranstaltungen im Fokus der N\u00fcrnberger \u00d6ffentlichkeit steht.<\/li>\n<\/ul>\n","protected":false},"excerpt":{"rendered":"<p>Wof\u00fcr steht die N\u00fcrnberger Initiative f\u00fcr Afrika e.V.? Afrika ist unser Nachbarkontinent, nur wenige Kilometer von Europa getrennt.Er liegt uns viel n\u00e4her als Amerika oder Asien. Trotzdem wissen die meisten [&hellip;]<\/p>\n","protected":false},"author":2,"featured_media":0,"parent":0,"menu_order":0,"comment_status":"closed","ping_status":"closed","template":"","meta":{"ngg_post_thumbnail":0,"_price":"","_stock":"","_tribe_ticket_header":"","_tribe_default_ticket_provider":"","_tribe_ticket_capacity":"0","_ticket_start_date":"","_ticket_end_date":"","_tribe_ticket_show_description":"","_tribe_ticket_show_not_going":false,"_tribe_ticket_use_global_stock":"","_tribe_ticket_global_stock_level":"","_global_stock_mode":"","_global_stock_cap":"","_tribe_rsvp_for_event":"","_tribe_ticket_going_count":"","_tribe_ticket_not_going_count":"","_tribe_tickets_list":"[]","_tribe_ticket_has_attendee_info_fields":false,"_EventAllDay":false,"_EventTimezone":"","_EventStartDate":"","_EventEndDate":"","_EventStartDateUTC":"","_EventEndDateUTC":"","_EventShowMap":false,"_EventShowMapLink":false,"_EventURL":"","_EventCost":"","_EventCostDescription":"","_EventCurrencySymbol":"","_EventCurrencyCode":"","_EventCurrencyPosition":"","_EventDateTimeSeparator":"","_EventTimeRangeSeparator":"","_EventOrganizerID":[],"_EventVenueID":[],"_OrganizerEmail":"","_OrganizerPhone":"","_OrganizerWebsite":"","_VenueAddress":"","_VenueCity":"","_VenueCountry":"","_VenueProvince":"","_VenueState":"","_VenueZip":"","_VenuePhone":"","_VenueURL":"","_VenueStateProvince":"","_VenueLat":"","_VenueLng":"","_VenueShowMap":false,"_VenueShowMapLink":false,"footnotes":"","_tec_slr_enabled":"","_tec_slr_layout":""},"class_list":["post-5536","page","type-page","status-publish","hentry"],"yoast_head":"<!-- This site is optimized with the Yoast SEO plugin v27.3 - https:\/\/yoast.com\/product\/yoast-seo-wordpress\/ -->\n<title>Wer sind wir - N\u00fcrnberger Initiative F\u00fcr Afrika e.V.<\/title>\n<meta name=\"robots\" content=\"index, follow, max-snippet:-1, max-image-preview:large, max-video-preview:-1\" \/>\n<link rel=\"canonical\" href=\"https:\/\/www.nifa-bayern.de\/?page_id=5536\" \/>\n<meta property=\"og:locale\" content=\"de_DE\" \/>\n<meta property=\"og:type\" content=\"article\" \/>\n<meta property=\"og:title\" content=\"Wer sind wir - N\u00fcrnberger Initiative F\u00fcr Afrika e.V.\" \/>\n<meta property=\"og:description\" content=\"Wof\u00fcr steht die N\u00fcrnberger Initiative f\u00fcr Afrika e.V.? Afrika ist unser Nachbarkontinent, nur wenige Kilometer von Europa getrennt.Er liegt uns viel n\u00e4her als Amerika oder Asien. Trotzdem wissen die meisten [&hellip;]\" \/>\n<meta property=\"og:url\" content=\"https:\/\/www.nifa-bayern.de\/?page_id=5536\" \/>\n<meta property=\"og:site_name\" content=\"N\u00fcrnberger Initiative F\u00fcr Afrika e.V.\" \/>\n<meta property=\"article:publisher\" content=\"https:\/\/www.facebook.com\/NIfABayern\" \/>\n<meta property=\"article:modified_time\" content=\"2024-05-25T12:14:10+00:00\" \/>\n<meta property=\"og:image\" content=\"https:\/\/www.nifa-bayern.de\/wp-content\/uploads\/2024\/05\/wer_sind_wir1024x700.jpg\" \/>\n<meta name=\"twitter:card\" content=\"summary_large_image\" \/>\n<meta name=\"twitter:label1\" content=\"Gesch\u00e4tzte Lesezeit\" \/>\n\t<meta name=\"twitter:data1\" content=\"2\u00a0Minuten\" \/>\n<script type=\"application\/ld+json\" class=\"yoast-schema-graph\">{\"@context\":\"https:\\\/\\\/schema.org\",\"@graph\":[{\"@type\":\"WebPage\",\"@id\":\"https:\\\/\\\/www.nifa-bayern.de\\\/?page_id=5536\",\"url\":\"https:\\\/\\\/www.nifa-bayern.de\\\/?page_id=5536\",\"name\":\"Wer sind wir - N\u00fcrnberger Initiative F\u00fcr Afrika e.V.\",\"isPartOf\":{\"@id\":\"https:\\\/\\\/www.nifa-bayern.de\\\/#website\"},\"primaryImageOfPage\":{\"@id\":\"https:\\\/\\\/www.nifa-bayern.de\\\/?page_id=5536#primaryimage\"},\"image\":{\"@id\":\"https:\\\/\\\/www.nifa-bayern.de\\\/?page_id=5536#primaryimage\"},\"thumbnailUrl\":\"https:\\\/\\\/www.nifa-bayern.de\\\/wp-content\\\/uploads\\\/2024\\\/05\\\/wer_sind_wir1024x700.jpg\",\"datePublished\":\"2024-04-16T20:48:40+00:00\",\"dateModified\":\"2024-05-25T12:14:10+00:00\",\"breadcrumb\":{\"@id\":\"https:\\\/\\\/www.nifa-bayern.de\\\/?page_id=5536#breadcrumb\"},\"inLanguage\":\"de\",\"potentialAction\":[{\"@type\":\"ReadAction\",\"target\":[\"https:\\\/\\\/www.nifa-bayern.de\\\/?page_id=5536\"]}]},{\"@type\":\"ImageObject\",\"inLanguage\":\"de\",\"@id\":\"https:\\\/\\\/www.nifa-bayern.de\\\/?page_id=5536#primaryimage\",\"url\":\"https:\\\/\\\/www.nifa-bayern.de\\\/wp-content\\\/uploads\\\/2024\\\/05\\\/wer_sind_wir1024x700.jpg\",\"contentUrl\":\"https:\\\/\\\/www.nifa-bayern.de\\\/wp-content\\\/uploads\\\/2024\\\/05\\\/wer_sind_wir1024x700.jpg\",\"width\":1024,\"height\":700},{\"@type\":\"BreadcrumbList\",\"@id\":\"https:\\\/\\\/www.nifa-bayern.de\\\/?page_id=5536#breadcrumb\",\"itemListElement\":[{\"@type\":\"ListItem\",\"position\":1,\"name\":\"Startseite\",\"item\":\"https:\\\/\\\/www.nifa-bayern.de\\\/\"},{\"@type\":\"ListItem\",\"position\":2,\"name\":\"Wer sind wir\"}]},{\"@type\":\"WebSite\",\"@id\":\"https:\\\/\\\/www.nifa-bayern.de\\\/#website\",\"url\":\"https:\\\/\\\/www.nifa-bayern.de\\\/\",\"name\":\"N\u00fcrnberger Initiative F\u00fcr Afrika\",\"description\":\"\",\"publisher\":{\"@id\":\"https:\\\/\\\/www.nifa-bayern.de\\\/#organization\"},\"potentialAction\":[{\"@type\":\"SearchAction\",\"target\":{\"@type\":\"EntryPoint\",\"urlTemplate\":\"https:\\\/\\\/www.nifa-bayern.de\\\/?s={search_term_string}\"},\"query-input\":{\"@type\":\"PropertyValueSpecification\",\"valueRequired\":true,\"valueName\":\"search_term_string\"}}],\"inLanguage\":\"de\"},{\"@type\":\"Organization\",\"@id\":\"https:\\\/\\\/www.nifa-bayern.de\\\/#organization\",\"name\":\"N\u00fcrnberger Initiative F\u00fcr Afrika\",\"url\":\"https:\\\/\\\/www.nifa-bayern.de\\\/\",\"logo\":{\"@type\":\"ImageObject\",\"inLanguage\":\"de\",\"@id\":\"https:\\\/\\\/www.nifa-bayern.de\\\/#\\\/schema\\\/logo\\\/image\\\/\",\"url\":\"https:\\\/\\\/www.nifa-bayern.de\\\/wp-content\\\/uploads\\\/2020\\\/07\\\/NIFA_Logo_small.png\",\"contentUrl\":\"https:\\\/\\\/www.nifa-bayern.de\\\/wp-content\\\/uploads\\\/2020\\\/07\\\/NIFA_Logo_small.png\",\"width\":570,\"height\":231,\"caption\":\"N\u00fcrnberger Initiative F\u00fcr Afrika\"},\"image\":{\"@id\":\"https:\\\/\\\/www.nifa-bayern.de\\\/#\\\/schema\\\/logo\\\/image\\\/\"},\"sameAs\":[\"https:\\\/\\\/www.facebook.com\\\/NIfABayern\"]}]}<\/script>\n<!-- \/ Yoast SEO plugin. -->","yoast_head_json":{"title":"Wer sind wir - N\u00fcrnberger Initiative F\u00fcr Afrika e.V.","robots":{"index":"index","follow":"follow","max-snippet":"max-snippet:-1","max-image-preview":"max-image-preview:large","max-video-preview":"max-video-preview:-1"},"canonical":"https:\/\/www.nifa-bayern.de\/?page_id=5536","og_locale":"de_DE","og_type":"article","og_title":"Wer sind wir - N\u00fcrnberger Initiative F\u00fcr Afrika e.V.","og_description":"Wof\u00fcr steht die N\u00fcrnberger Initiative f\u00fcr Afrika e.V.? Afrika ist unser Nachbarkontinent, nur wenige Kilometer von Europa getrennt.Er liegt uns viel n\u00e4her als Amerika oder Asien. Trotzdem wissen die meisten [&hellip;]","og_url":"https:\/\/www.nifa-bayern.de\/?page_id=5536","og_site_name":"N\u00fcrnberger Initiative F\u00fcr Afrika e.V.","article_publisher":"https:\/\/www.facebook.com\/NIfABayern","article_modified_time":"2024-05-25T12:14:10+00:00","og_image":[{"url":"https:\/\/www.nifa-bayern.de\/wp-content\/uploads\/2024\/05\/wer_sind_wir1024x700.jpg","type":"","width":"","height":""}],"twitter_card":"summary_large_image","twitter_misc":{"Gesch\u00e4tzte Lesezeit":"2\u00a0Minuten"},"schema":{"@context":"https:\/\/schema.org","@graph":[{"@type":"WebPage","@id":"https:\/\/www.nifa-bayern.de\/?page_id=5536","url":"https:\/\/www.nifa-bayern.de\/?page_id=5536","name":"Wer sind wir - N\u00fcrnberger Initiative F\u00fcr Afrika e.V.","isPartOf":{"@id":"https:\/\/www.nifa-bayern.de\/#website"},"primaryImageOfPage":{"@id":"https:\/\/www.nifa-bayern.de\/?page_id=5536#primaryimage"},"image":{"@id":"https:\/\/www.nifa-bayern.de\/?page_id=5536#primaryimage"},"thumbnailUrl":"https:\/\/www.nifa-bayern.de\/wp-content\/uploads\/2024\/05\/wer_sind_wir1024x700.jpg","datePublished":"2024-04-16T20:48:40+00:00","dateModified":"2024-05-25T12:14:10+00:00","breadcrumb":{"@id":"https:\/\/www.nifa-bayern.de\/?page_id=5536#breadcrumb"},"inLanguage":"de","potentialAction":[{"@type":"ReadAction","target":["https:\/\/www.nifa-bayern.de\/?page_id=5536"]}]},{"@type":"ImageObject","inLanguage":"de","@id":"https:\/\/www.nifa-bayern.de\/?page_id=5536#primaryimage","url":"https:\/\/www.nifa-bayern.de\/wp-content\/uploads\/2024\/05\/wer_sind_wir1024x700.jpg","contentUrl":"https:\/\/www.nifa-bayern.de\/wp-content\/uploads\/2024\/05\/wer_sind_wir1024x700.jpg","width":1024,"height":700},{"@type":"BreadcrumbList","@id":"https:\/\/www.nifa-bayern.de\/?page_id=5536#breadcrumb","itemListElement":[{"@type":"ListItem","position":1,"name":"Startseite","item":"https:\/\/www.nifa-bayern.de\/"},{"@type":"ListItem","position":2,"name":"Wer sind wir"}]},{"@type":"WebSite","@id":"https:\/\/www.nifa-bayern.de\/#website","url":"https:\/\/www.nifa-bayern.de\/","name":"N\u00fcrnberger Initiative F\u00fcr Afrika","description":"","publisher":{"@id":"https:\/\/www.nifa-bayern.de\/#organization"},"potentialAction":[{"@type":"SearchAction","target":{"@type":"EntryPoint","urlTemplate":"https:\/\/www.nifa-bayern.de\/?s={search_term_string}"},"query-input":{"@type":"PropertyValueSpecification","valueRequired":true,"valueName":"search_term_string"}}],"inLanguage":"de"},{"@type":"Organization","@id":"https:\/\/www.nifa-bayern.de\/#organization","name":"N\u00fcrnberger Initiative F\u00fcr Afrika","url":"https:\/\/www.nifa-bayern.de\/","logo":{"@type":"ImageObject","inLanguage":"de","@id":"https:\/\/www.nifa-bayern.de\/#\/schema\/logo\/image\/","url":"https:\/\/www.nifa-bayern.de\/wp-content\/uploads\/2020\/07\/NIFA_Logo_small.png","contentUrl":"https:\/\/www.nifa-bayern.de\/wp-content\/uploads\/2020\/07\/NIFA_Logo_small.png","width":570,"height":231,"caption":"N\u00fcrnberger Initiative F\u00fcr Afrika"},"image":{"@id":"https:\/\/www.nifa-bayern.de\/#\/schema\/logo\/image\/"},"sameAs":["https:\/\/www.facebook.com\/NIfABayern"]}]}},"ticketed":false,"_links":{"self":[{"href":"https:\/\/www.nifa-bayern.de\/index.php?rest_route=\/wp\/v2\/pages\/5536","targetHints":{"allow":["GET"]}}],"collection":[{"href":"https:\/\/www.nifa-bayern.de\/index.php?rest_route=\/wp\/v2\/pages"}],"about":[{"href":"https:\/\/www.nifa-bayern.de\/index.php?rest_route=\/wp\/v2\/types\/page"}],"author":[{"embeddable":true,"href":"https:\/\/www.nifa-bayern.de\/index.php?rest_route=\/wp\/v2\/users\/2"}],"replies":[{"embeddable":true,"href":"https:\/\/www.nifa-bayern.de\/index.php?rest_route=%2Fwp%2Fv2%2Fcomments&post=5536"}],"version-history":[{"count":3,"href":"https:\/\/www.nifa-bayern.de\/index.php?rest_route=\/wp\/v2\/pages\/5536\/revisions"}],"predecessor-version":[{"id":6567,"href":"https:\/\/www.nifa-bayern.de\/index.php?rest_route=\/wp\/v2\/pages\/5536\/revisions\/6567"}],"wp:attachment":[{"href":"https:\/\/www.nifa-bayern.de\/index.php?rest_route=%2Fwp%2Fv2%2Fmedia&parent=5536"}],"curies":[{"name":"wp","href":"https:\/\/api.w.org\/{rel}","templated":true}]}}