{"id":5552,"date":"2024-04-16T20:58:36","date_gmt":"2024-04-16T20:58:36","guid":{"rendered":"https:\/\/www.nifa-bayern.de\/?page_id=5552"},"modified":"2025-07-14T12:05:21","modified_gmt":"2025-07-14T12:05:21","slug":"akwaba","status":"publish","type":"page","link":"https:\/\/www.nifa-bayern.de\/?page_id=5552","title":{"rendered":"Akwaba"},"content":{"rendered":"<div class=\"yoast-breadcrumbs\"><span><span><a href=\"https:\/\/www.nifa-bayern.de\/\">Startseite<\/a><\/span> \u00bb <span class=\"breadcrumb_last\" aria-current=\"page\">Akwaba<\/span><\/span><\/div>\n\n\n<p>\u201a<mark style=\"background-color:rgba(0, 0, 0, 0)\" class=\"has-inline-color has-black-color\"><strong>AKWABA\u2013 Afrikatage in N\u00fcrnberg<\/strong><\/mark>\u2018 ist eine zentrale Aktion der N\u00fcrnberger Initiative f\u00fcr Afrika. Bei den jedes Jahr im Juli beginnenden Afrikatagen stehen in erster Linie politische und kulturelle Themen im Vordergrund.<\/p>\n\n\n\n<p>AKWABA wird getragen von mehr als 30 verschiedenen Gruppen und Vereinen. Aktiv beteiligt sind in N\u00fcrnberg und der Region lebende Afrikanerinnen und Afrikaner, afrikanische-deutsche Vereine und deutsche Vereine, Einzelpersonen, sowie verschiedene st\u00e4dtische, kirchliche und nicht-staatliche Institutionen. Sie alle setzen sich in jeweils eigener Weise f\u00fcr Afrika ein.<\/p>\n\n\n\n<p>Die Vielfalt des afrikanischen Kontinents spiegelt wider in den zahlreichen lokalen Vereinen, die eine Vielzahl afrikanischer L\u00e4nder repr\u00e4sentieren. Darunter sind: \u00c4thiopien, Angola, Burkina Faso, DR Kongo, Elfenbeink\u00fcste, Gambia, Guinea, Kamerun, Kenia, Lesotho, Liberia, Mali, Mozambique, Namibia, Nigeria, Republik Kongo, Senegal, S\u00fcdafrika, Togo, Uganda &amp; Zimbabwe.<\/p>\n\n\n\n<ul class=\"wp-block-list\">\n<li>\n<ul class=\"wp-block-list\">\n<li>Diskussionsveranstaltung,(Menschenrechte, Entwicklungspolitik, aktuelle politische Themen, die mit Afrika zu tun haben<\/li>\n\n\n\n<li>Bildungsarbeit (Austausch, Informationsveranstaltungen in Schulen, Kinderg\u00e4rten und Einrichtungen der Erwachsenenbildung)<\/li>\n\n\n\n<li>Vielf\u00e4ltige kulturelle Veranstaltungen (Lesungen mit Schriftstellern afrikanischer Herkunft, Filme von afrikanischen Regisseuren, Kunst, Tanz und Musik)<\/li>\n\n\n\n<li>Sportlicher Wettkampf (Interkulturelle Begegnung im Rahmen von sportlichen Aktivit\u00e4ten)<\/li>\n\n\n\n<li>Jugendarbeit<\/li>\n\n\n\n<li>Begegnung und Austausch der Gruppen und Lernen voneinander<\/li>\n<\/ul>\n<\/li>\n<\/ul>\n\n\n\n<p>J\u00e4hrliche Schwerpunktsetzung durch die Auswahl eines aktuellen Themas\/Mottos \u2013 In diesem Jahr nehmen wir uns des Themas \u201eDigitalisierung\u201c an.<\/p>\n\n\n\n<p>Alle Veranstaltungen 2025 in unserem Leporello. <mark style=\"background-color:rgba(0, 0, 0, 0)\" class=\"has-inline-color has-vivid-red-color\"><a href=\"https:\/\/www.nifa-bayern.de\/wp-content\/uploads\/2025\/07\/AKWABA_Flyer2025.pdf\">Hier<\/a>!<\/mark><\/p>\n\n\n\n<p><strong><mark style=\"background-color:rgba(0, 0, 0, 0)\" class=\"has-inline-color has-vivid-red-color\">Dieses Jahr: Freitag, 11. Juli bis Mittwoch, 23. Juli<\/mark> <mark style=\"background-color:rgba(0, 0, 0, 0)\" class=\"has-inline-color has-vivid-red-color\">2025<\/mark><\/strong><\/p>\n\n\n\n<p><a href=\"https:\/\/www.nifa-bayern.de\/?page_id=6462\">Bilder Zu Akwaba Veranstaltungen finden Sie hier<\/a><\/p>\n\n\n\n<p><\/p>\n","protected":false},"excerpt":{"rendered":"<p>\u201aAKWABA\u2013 Afrikatage in N\u00fcrnberg\u2018 ist eine zentrale Aktion der N\u00fcrnberger Initiative f\u00fcr Afrika. Bei den jedes Jahr im Juli beginnenden Afrikatagen stehen in erster Linie politische und kulturelle Themen im [&hellip;]<\/p>\n","protected":false},"author":2,"featured_media":0,"parent":0,"menu_order":0,"comment_status":"closed","ping_status":"closed","template":"","meta":{"ngg_post_thumbnail":0,"_price":"","_stock":"","_tribe_ticket_header":"","_tribe_default_ticket_provider":"","_tribe_ticket_capacity":"0","_ticket_start_date":"","_ticket_end_date":"","_tribe_ticket_show_description":"","_tribe_ticket_show_not_going":false,"_tribe_ticket_use_global_stock":"","_tribe_ticket_global_stock_level":"","_global_stock_mode":"","_global_stock_cap":"","_tribe_rsvp_for_event":"","_tribe_ticket_going_count":"","_tribe_ticket_not_going_count":"","_tribe_tickets_list":"[]","_tribe_ticket_has_attendee_info_fields":false,"_EventAllDay":false,"_EventTimezone":"","_EventStartDate":"","_EventEndDate":"","_EventStartDateUTC":"","_EventEndDateUTC":"","_EventShowMap":false,"_EventShowMapLink":false,"_EventURL":"","_EventCost":"","_EventCostDescription":"","_EventCurrencySymbol":"","_EventCurrencyCode":"","_EventCurrencyPosition":"","_EventDateTimeSeparator":"","_EventTimeRangeSeparator":"","_EventOrganizerID":[],"_EventVenueID":[],"_OrganizerEmail":"","_OrganizerPhone":"","_OrganizerWebsite":"","_VenueAddress":"","_VenueCity":"","_VenueCountry":"","_VenueProvince":"","_VenueState":"","_VenueZip":"","_VenuePhone":"","_VenueURL":"","_VenueStateProvince":"","_VenueLat":"","_VenueLng":"","_VenueShowMap":false,"_VenueShowMapLink":false,"footnotes":"","_tec_slr_enabled":"","_tec_slr_layout":""},"class_list":["post-5552","page","type-page","status-publish","hentry"],"yoast_head":"<!-- This site is optimized with the Yoast SEO plugin v27.4 - https:\/\/yoast.com\/product\/yoast-seo-wordpress\/ -->\n<title>Akwaba - N\u00fcrnberger Initiative F\u00fcr Afrika e.V.<\/title>\n<meta name=\"robots\" content=\"noindex, follow\" \/>\n<meta property=\"og:locale\" content=\"de_DE\" \/>\n<meta property=\"og:type\" content=\"article\" \/>\n<meta property=\"og:title\" content=\"Akwaba - N\u00fcrnberger Initiative F\u00fcr Afrika e.V.\" \/>\n<meta property=\"og:description\" content=\"\u201aAKWABA\u2013 Afrikatage in N\u00fcrnberg\u2018 ist eine zentrale Aktion der N\u00fcrnberger Initiative f\u00fcr Afrika. Bei den jedes Jahr im Juli beginnenden Afrikatagen stehen in erster Linie politische und kulturelle Themen im [&hellip;]\" \/>\n<meta property=\"og:url\" content=\"https:\/\/www.nifa-bayern.de\/?page_id=5552\" \/>\n<meta property=\"og:site_name\" content=\"N\u00fcrnberger Initiative F\u00fcr Afrika e.V.\" \/>\n<meta property=\"article:publisher\" content=\"https:\/\/www.facebook.com\/NIfABayern\" \/>\n<meta property=\"article:modified_time\" content=\"2025-07-14T12:05:21+00:00\" \/>\n<meta name=\"twitter:card\" content=\"summary_large_image\" \/>\n<meta name=\"twitter:label1\" content=\"Gesch\u00e4tzte Lesezeit\" \/>\n\t<meta name=\"twitter:data1\" content=\"2\u00a0Minuten\" \/>\n<script type=\"application\/ld+json\" class=\"yoast-schema-graph\">{\"@context\":\"https:\\\/\\\/schema.org\",\"@graph\":[{\"@type\":\"WebPage\",\"@id\":\"https:\\\/\\\/www.nifa-bayern.de\\\/?page_id=5552\",\"url\":\"https:\\\/\\\/www.nifa-bayern.de\\\/?page_id=5552\",\"name\":\"Akwaba - N\u00fcrnberger Initiative F\u00fcr Afrika e.V.\",\"isPartOf\":{\"@id\":\"https:\\\/\\\/www.nifa-bayern.de\\\/#website\"},\"datePublished\":\"2024-04-16T20:58:36+00:00\",\"dateModified\":\"2025-07-14T12:05:21+00:00\",\"breadcrumb\":{\"@id\":\"https:\\\/\\\/www.nifa-bayern.de\\\/?page_id=5552#breadcrumb\"},\"inLanguage\":\"de\",\"potentialAction\":[{\"@type\":\"ReadAction\",\"target\":[\"https:\\\/\\\/www.nifa-bayern.de\\\/?page_id=5552\"]}]},{\"@type\":\"BreadcrumbList\",\"@id\":\"https:\\\/\\\/www.nifa-bayern.de\\\/?page_id=5552#breadcrumb\",\"itemListElement\":[{\"@type\":\"ListItem\",\"position\":1,\"name\":\"Startseite\",\"item\":\"https:\\\/\\\/www.nifa-bayern.de\\\/\"},{\"@type\":\"ListItem\",\"position\":2,\"name\":\"Akwaba\"}]},{\"@type\":\"WebSite\",\"@id\":\"https:\\\/\\\/www.nifa-bayern.de\\\/#website\",\"url\":\"https:\\\/\\\/www.nifa-bayern.de\\\/\",\"name\":\"N\u00fcrnberger Initiative F\u00fcr Afrika\",\"description\":\"\",\"publisher\":{\"@id\":\"https:\\\/\\\/www.nifa-bayern.de\\\/#organization\"},\"potentialAction\":[{\"@type\":\"SearchAction\",\"target\":{\"@type\":\"EntryPoint\",\"urlTemplate\":\"https:\\\/\\\/www.nifa-bayern.de\\\/?s={search_term_string}\"},\"query-input\":{\"@type\":\"PropertyValueSpecification\",\"valueRequired\":true,\"valueName\":\"search_term_string\"}}],\"inLanguage\":\"de\"},{\"@type\":\"Organization\",\"@id\":\"https:\\\/\\\/www.nifa-bayern.de\\\/#organization\",\"name\":\"N\u00fcrnberger Initiative F\u00fcr Afrika\",\"url\":\"https:\\\/\\\/www.nifa-bayern.de\\\/\",\"logo\":{\"@type\":\"ImageObject\",\"inLanguage\":\"de\",\"@id\":\"https:\\\/\\\/www.nifa-bayern.de\\\/#\\\/schema\\\/logo\\\/image\\\/\",\"url\":\"https:\\\/\\\/www.nifa-bayern.de\\\/wp-content\\\/uploads\\\/2020\\\/07\\\/NIFA_Logo_small.png\",\"contentUrl\":\"https:\\\/\\\/www.nifa-bayern.de\\\/wp-content\\\/uploads\\\/2020\\\/07\\\/NIFA_Logo_small.png\",\"width\":570,\"height\":231,\"caption\":\"N\u00fcrnberger Initiative F\u00fcr Afrika\"},\"image\":{\"@id\":\"https:\\\/\\\/www.nifa-bayern.de\\\/#\\\/schema\\\/logo\\\/image\\\/\"},\"sameAs\":[\"https:\\\/\\\/www.facebook.com\\\/NIfABayern\"]}]}<\/script>\n<!-- \/ Yoast SEO plugin. -->","yoast_head_json":{"title":"Akwaba - N\u00fcrnberger Initiative F\u00fcr Afrika e.V.","robots":{"index":"noindex","follow":"follow"},"og_locale":"de_DE","og_type":"article","og_title":"Akwaba - N\u00fcrnberger Initiative F\u00fcr Afrika e.V.","og_description":"\u201aAKWABA\u2013 Afrikatage in N\u00fcrnberg\u2018 ist eine zentrale Aktion der N\u00fcrnberger Initiative f\u00fcr Afrika. Bei den jedes Jahr im Juli beginnenden Afrikatagen stehen in erster Linie politische und kulturelle Themen im [&hellip;]","og_url":"https:\/\/www.nifa-bayern.de\/?page_id=5552","og_site_name":"N\u00fcrnberger Initiative F\u00fcr Afrika e.V.","article_publisher":"https:\/\/www.facebook.com\/NIfABayern","article_modified_time":"2025-07-14T12:05:21+00:00","twitter_card":"summary_large_image","twitter_misc":{"Gesch\u00e4tzte Lesezeit":"2\u00a0Minuten"},"schema":{"@context":"https:\/\/schema.org","@graph":[{"@type":"WebPage","@id":"https:\/\/www.nifa-bayern.de\/?page_id=5552","url":"https:\/\/www.nifa-bayern.de\/?page_id=5552","name":"Akwaba - N\u00fcrnberger Initiative F\u00fcr Afrika e.V.","isPartOf":{"@id":"https:\/\/www.nifa-bayern.de\/#website"},"datePublished":"2024-04-16T20:58:36+00:00","dateModified":"2025-07-14T12:05:21+00:00","breadcrumb":{"@id":"https:\/\/www.nifa-bayern.de\/?page_id=5552#breadcrumb"},"inLanguage":"de","potentialAction":[{"@type":"ReadAction","target":["https:\/\/www.nifa-bayern.de\/?page_id=5552"]}]},{"@type":"BreadcrumbList","@id":"https:\/\/www.nifa-bayern.de\/?page_id=5552#breadcrumb","itemListElement":[{"@type":"ListItem","position":1,"name":"Startseite","item":"https:\/\/www.nifa-bayern.de\/"},{"@type":"ListItem","position":2,"name":"Akwaba"}]},{"@type":"WebSite","@id":"https:\/\/www.nifa-bayern.de\/#website","url":"https:\/\/www.nifa-bayern.de\/","name":"N\u00fcrnberger Initiative F\u00fcr Afrika","description":"","publisher":{"@id":"https:\/\/www.nifa-bayern.de\/#organization"},"potentialAction":[{"@type":"SearchAction","target":{"@type":"EntryPoint","urlTemplate":"https:\/\/www.nifa-bayern.de\/?s={search_term_string}"},"query-input":{"@type":"PropertyValueSpecification","valueRequired":true,"valueName":"search_term_string"}}],"inLanguage":"de"},{"@type":"Organization","@id":"https:\/\/www.nifa-bayern.de\/#organization","name":"N\u00fcrnberger Initiative F\u00fcr Afrika","url":"https:\/\/www.nifa-bayern.de\/","logo":{"@type":"ImageObject","inLanguage":"de","@id":"https:\/\/www.nifa-bayern.de\/#\/schema\/logo\/image\/","url":"https:\/\/www.nifa-bayern.de\/wp-content\/uploads\/2020\/07\/NIFA_Logo_small.png","contentUrl":"https:\/\/www.nifa-bayern.de\/wp-content\/uploads\/2020\/07\/NIFA_Logo_small.png","width":570,"height":231,"caption":"N\u00fcrnberger Initiative F\u00fcr Afrika"},"image":{"@id":"https:\/\/www.nifa-bayern.de\/#\/schema\/logo\/image\/"},"sameAs":["https:\/\/www.facebook.com\/NIfABayern"]}]}},"ticketed":false,"_links":{"self":[{"href":"https:\/\/www.nifa-bayern.de\/index.php?rest_route=\/wp\/v2\/pages\/5552","targetHints":{"allow":["GET"]}}],"collection":[{"href":"https:\/\/www.nifa-bayern.de\/index.php?rest_route=\/wp\/v2\/pages"}],"about":[{"href":"https:\/\/www.nifa-bayern.de\/index.php?rest_route=\/wp\/v2\/types\/page"}],"author":[{"embeddable":true,"href":"https:\/\/www.nifa-bayern.de\/index.php?rest_route=\/wp\/v2\/users\/2"}],"replies":[{"embeddable":true,"href":"https:\/\/www.nifa-bayern.de\/index.php?rest_route=%2Fwp%2Fv2%2Fcomments&post=5552"}],"version-history":[{"count":7,"href":"https:\/\/www.nifa-bayern.de\/index.php?rest_route=\/wp\/v2\/pages\/5552\/revisions"}],"predecessor-version":[{"id":7090,"href":"https:\/\/www.nifa-bayern.de\/index.php?rest_route=\/wp\/v2\/pages\/5552\/revisions\/7090"}],"wp:attachment":[{"href":"https:\/\/www.nifa-bayern.de\/index.php?rest_route=%2Fwp%2Fv2%2Fmedia&parent=5552"}],"curies":[{"name":"wp","href":"https:\/\/api.w.org\/{rel}","templated":true}]}}