{"id":5556,"date":"2024-04-16T21:00:05","date_gmt":"2024-04-16T21:00:05","guid":{"rendered":"https:\/\/www.nifa-bayern.de\/?page_id=5556"},"modified":"2025-06-21T18:16:08","modified_gmt":"2025-06-21T18:16:08","slug":"beratung","status":"publish","type":"page","link":"https:\/\/www.nifa-bayern.de\/?page_id=5556","title":{"rendered":"Beratung"},"content":{"rendered":"<style>.wp-block-kadence-advancedheading.kt-adv-heading5556_f5173e-66, .wp-block-kadence-advancedheading.kt-adv-heading5556_f5173e-66[data-kb-block=\"kb-adv-heading5556_f5173e-66\"]{font-style:normal;}.wp-block-kadence-advancedheading.kt-adv-heading5556_f5173e-66 mark.kt-highlight, .wp-block-kadence-advancedheading.kt-adv-heading5556_f5173e-66[data-kb-block=\"kb-adv-heading5556_f5173e-66\"] mark.kt-highlight{font-style:normal;color:#f76a0c;-webkit-box-decoration-break:clone;box-decoration-break:clone;padding-top:0px;padding-right:0px;padding-bottom:0px;padding-left:0px;}.wp-block-kadence-advancedheading.kt-adv-heading5556_f5173e-66 img.kb-inline-image, .wp-block-kadence-advancedheading.kt-adv-heading5556_f5173e-66[data-kb-block=\"kb-adv-heading5556_f5173e-66\"] img.kb-inline-image{width:150px;vertical-align:baseline;}<\/style>\n<p class=\"kt-adv-heading5556_f5173e-66 wp-block-kadence-advancedheading\" data-kb-block=\"kb-adv-heading5556_f5173e-66\"><strong>Beratungsangebot NIfA e.V.<\/strong><br><strong>Beratungszeiten\u00a0(<\/strong>nur nach telefonischer Vereinbarung<strong>):<\/strong><br>Dienstag, 9:00 Uhr \u2013 13:00 Uhr<br>Donnerstag, 9:00 Uhr \u2013 13:00 Uhr<br><br>NIfA-B\u00fcro<br>K\u00f6nigstra\u00dfe 64<br>90402 N\u00fcrnberg<br>Tel. 0911\/2346310<br><br><strong>Das Beratungsangebot im NIfA B\u00fcro ist f\u00fcr alle Mitb\u00fcrgerinnen und<\/strong> <strong>Mitb\u00fcrger mit afrikanischem Migrationshintergrund bestimmt.<\/strong><\/p>\n\n\n<style>.wp-block-kadence-advancedheading.kt-adv-heading5556_ec2c16-56, .wp-block-kadence-advancedheading.kt-adv-heading5556_ec2c16-56[data-kb-block=\"kb-adv-heading5556_ec2c16-56\"]{font-style:normal;}.wp-block-kadence-advancedheading.kt-adv-heading5556_ec2c16-56 mark.kt-highlight, .wp-block-kadence-advancedheading.kt-adv-heading5556_ec2c16-56[data-kb-block=\"kb-adv-heading5556_ec2c16-56\"] mark.kt-highlight{font-style:normal;color:#f76a0c;-webkit-box-decoration-break:clone;box-decoration-break:clone;padding-top:0px;padding-right:0px;padding-bottom:0px;padding-left:0px;}.wp-block-kadence-advancedheading.kt-adv-heading5556_ec2c16-56 img.kb-inline-image, .wp-block-kadence-advancedheading.kt-adv-heading5556_ec2c16-56[data-kb-block=\"kb-adv-heading5556_ec2c16-56\"] img.kb-inline-image{width:150px;vertical-align:baseline;}<\/style>\n<p class=\"kt-adv-heading5556_ec2c16-56 wp-block-kadence-advancedheading\" data-kb-block=\"kb-adv-heading5556_ec2c16-56\"><br><span style=\"text-decoration: underline;\">Wir bieten Hilfestellung u.a. bei:<\/span><\/p>\n\n\n<style>.wp-block-kadence-iconlist.kt-svg-icon-list-items5556_c88785-9a:not(.this-stops-third-party-issues){margin-top:0px;margin-bottom:0px;}.wp-block-kadence-iconlist.kt-svg-icon-list-items5556_c88785-9a ul.kt-svg-icon-list:not(.this-prevents-issues):not(.this-stops-third-party-issues):not(.tijsloc){margin-top:0px;margin-right:0px;margin-bottom:var(--global-kb-spacing-sm, 1.5rem);margin-left:0px;}.wp-block-kadence-iconlist.kt-svg-icon-list-items5556_c88785-9a ul.kt-svg-icon-list{grid-row-gap:5px;}.wp-block-kadence-iconlist.kt-svg-icon-list-items5556_c88785-9a ul.kt-svg-icon-list .kt-svg-icon-list-item-wrap .kt-svg-icon-list-single{margin-right:10px;}.kt-svg-icon-list-items5556_c88785-9a ul.kt-svg-icon-list .kt-svg-icon-list-level-0 .kt-svg-icon-list-single svg{font-size:20px;}<\/style>\n<div class=\"wp-block-kadence-iconlist kt-svg-icon-list-items kt-svg-icon-list-items5556_c88785-9a kt-svg-icon-list-columns-1 alignnone\"><ul class=\"kt-svg-icon-list\"><style>.kt-svg-icon-list-item-5556_ea8769-f9 .kt-svg-icon-list-text mark.kt-highlight{background-color:unset;font-style:normal;color:#f76a0c;-webkit-box-decoration-break:clone;box-decoration-break:clone;padding-top:0px;padding-right:0px;padding-bottom:0px;padding-left:0px;}<\/style>\n<li class=\"wp-block-kadence-listitem kt-svg-icon-list-item-wrap kt-svg-icon-list-item-5556_ea8769-f9\"><span class=\"kb-svg-icon-wrap kb-svg-icon-fe_checkCircle kt-svg-icon-list-single\"><svg viewBox=\"0 0 24 24\"  fill=\"none\" stroke=\"currentColor\" stroke-width=\"2\" stroke-linecap=\"round\" stroke-linejoin=\"round\" xmlns=\"http:\/\/www.w3.org\/2000\/svg\"  aria-hidden=\"true\"><path d=\"M22 11.08V12a10 10 0 1 1-5.93-9.14\"\/><polyline points=\"22 4 12 14.01 9 11.01\"\/><\/svg><\/span><span class=\"kt-svg-icon-list-text\">Deutschkursen f\u00fcr Erwachsene, Weiterbildungsm\u00f6glichkeiten, Freizeitangeboten f\u00fcr Kinder, Jugendliche und Erwachsene, kulturelle Veranstaltungen<\/span><\/li>\n\n\n<style>.kt-svg-icon-list-item-5556_9948b3-96 .kt-svg-icon-list-text mark.kt-highlight{background-color:unset;font-style:normal;color:#f76a0c;-webkit-box-decoration-break:clone;box-decoration-break:clone;padding-top:0px;padding-right:0px;padding-bottom:0px;padding-left:0px;}<\/style>\n<li class=\"wp-block-kadence-listitem kt-svg-icon-list-item-wrap kt-svg-icon-list-item-5556_9948b3-96\"><span class=\"kb-svg-icon-wrap kb-svg-icon-fe_checkCircle kt-svg-icon-list-single\"><svg viewBox=\"0 0 24 24\"  fill=\"none\" stroke=\"currentColor\" stroke-width=\"2\" stroke-linecap=\"round\" stroke-linejoin=\"round\" xmlns=\"http:\/\/www.w3.org\/2000\/svg\"  aria-hidden=\"true\"><path d=\"M22 11.08V12a10 10 0 1 1-5.93-9.14\"\/><polyline points=\"22 4 12 14.01 9 11.01\"\/><\/svg><\/span><span class=\"kt-svg-icon-list-text\">Fragen nach hilfreichen Anlaufstellen in N\u00fcrnberg (\u00c4mter, Beh\u00f6rden, Vereine, soziales&nbsp;&nbsp; Netzwerk)<\/span><\/li>\n\n\n<style>.kt-svg-icon-list-item-5556_65af0f-9a .kt-svg-icon-list-text mark.kt-highlight{background-color:unset;font-style:normal;color:#f76a0c;-webkit-box-decoration-break:clone;box-decoration-break:clone;padding-top:0px;padding-right:0px;padding-bottom:0px;padding-left:0px;}<\/style>\n<li class=\"wp-block-kadence-listitem kt-svg-icon-list-item-wrap kt-svg-icon-list-item-5556_65af0f-9a\"><span class=\"kb-svg-icon-wrap kb-svg-icon-fe_checkCircle kt-svg-icon-list-single\"><svg viewBox=\"0 0 24 24\"  fill=\"none\" stroke=\"currentColor\" stroke-width=\"2\" stroke-linecap=\"round\" stroke-linejoin=\"round\" xmlns=\"http:\/\/www.w3.org\/2000\/svg\"  aria-hidden=\"true\"><path d=\"M22 11.08V12a10 10 0 1 1-5.93-9.14\"\/><polyline points=\"22 4 12 14.01 9 11.01\"\/><\/svg><\/span><span class=\"kt-svg-icon-list-text\">Suche nach Kinderbetreuungspl\u00e4tzen<\/span><\/li>\n\n\n<style>.kt-svg-icon-list-item-5556_b61711-ac .kt-svg-icon-list-text mark.kt-highlight{background-color:unset;font-style:normal;color:#f76a0c;-webkit-box-decoration-break:clone;box-decoration-break:clone;padding-top:0px;padding-right:0px;padding-bottom:0px;padding-left:0px;}<\/style>\n<li class=\"wp-block-kadence-listitem kt-svg-icon-list-item-wrap kt-svg-icon-list-item-5556_b61711-ac\"><span class=\"kb-svg-icon-wrap kb-svg-icon-fe_checkCircle kt-svg-icon-list-single\"><svg viewBox=\"0 0 24 24\"  fill=\"none\" stroke=\"currentColor\" stroke-width=\"2\" stroke-linecap=\"round\" stroke-linejoin=\"round\" xmlns=\"http:\/\/www.w3.org\/2000\/svg\"  aria-hidden=\"true\"><path d=\"M22 11.08V12a10 10 0 1 1-5.93-9.14\"\/><polyline points=\"22 4 12 14.01 9 11.01\"\/><\/svg><\/span><span class=\"kt-svg-icon-list-text\">Erziehungsfragen<br>z.B. mit Kindergarten, Kinderhort, Schule, Jugendamt<\/span><\/li>\n\n\n<style>.kt-svg-icon-list-item-5556_71bbf4-46 .kt-svg-icon-list-text mark.kt-highlight{background-color:unset;font-style:normal;color:#f76a0c;-webkit-box-decoration-break:clone;box-decoration-break:clone;padding-top:0px;padding-right:0px;padding-bottom:0px;padding-left:0px;}<\/style>\n<li class=\"wp-block-kadence-listitem kt-svg-icon-list-item-wrap kt-svg-icon-list-item-5556_71bbf4-46\"><span class=\"kb-svg-icon-wrap kb-svg-icon-fe_checkCircle kt-svg-icon-list-single\"><svg viewBox=\"0 0 24 24\"  fill=\"none\" stroke=\"currentColor\" stroke-width=\"2\" stroke-linecap=\"round\" stroke-linejoin=\"round\" xmlns=\"http:\/\/www.w3.org\/2000\/svg\"  aria-hidden=\"true\"><path d=\"M22 11.08V12a10 10 0 1 1-5.93-9.14\"\/><polyline points=\"22 4 12 14.01 9 11.01\"\/><\/svg><\/span><span class=\"kt-svg-icon-list-text\">Fragen zu schulischer oder beruflicher Bildung \u2013 im Einzelfall ist eine pers\u00f6nliche Begleitung m\u00f6glich<br>z.B. Unterst\u00fctzung bei Bewerbungen<\/span><\/li>\n\n\n<style>.kt-svg-icon-list-item-5556_3e8d9f-f7 .kt-svg-icon-list-text mark.kt-highlight{background-color:unset;font-style:normal;color:#f76a0c;-webkit-box-decoration-break:clone;box-decoration-break:clone;padding-top:0px;padding-right:0px;padding-bottom:0px;padding-left:0px;}<\/style>\n<li class=\"wp-block-kadence-listitem kt-svg-icon-list-item-wrap kt-svg-icon-list-item-5556_3e8d9f-f7\"><span class=\"kb-svg-icon-wrap kb-svg-icon-fe_checkCircle kt-svg-icon-list-single\"><svg viewBox=\"0 0 24 24\"  fill=\"none\" stroke=\"currentColor\" stroke-width=\"2\" stroke-linecap=\"round\" stroke-linejoin=\"round\" xmlns=\"http:\/\/www.w3.org\/2000\/svg\"  aria-hidden=\"true\"><path d=\"M22 11.08V12a10 10 0 1 1-5.93-9.14\"\/><polyline points=\"22 4 12 14.01 9 11.01\"\/><\/svg><\/span><span class=\"kt-svg-icon-list-text\">Freizeitgestaltung<br>(z.B. Vermittlung in Sportvereine, Schwimmkurse oder Ferienfreizeitangebote)<\/span><\/li>\n\n\n<style>.kt-svg-icon-list-item-5556_643790-59 .kt-svg-icon-list-text mark.kt-highlight{background-color:unset;font-style:normal;color:#f76a0c;-webkit-box-decoration-break:clone;box-decoration-break:clone;padding-top:0px;padding-right:0px;padding-bottom:0px;padding-left:0px;}<\/style>\n<li class=\"wp-block-kadence-listitem kt-svg-icon-list-item-wrap kt-svg-icon-list-item-5556_643790-59\"><span class=\"kb-svg-icon-wrap kb-svg-icon-fe_checkCircle kt-svg-icon-list-single\"><svg viewBox=\"0 0 24 24\"  fill=\"none\" stroke=\"currentColor\" stroke-width=\"2\" stroke-linecap=\"round\" stroke-linejoin=\"round\" xmlns=\"http:\/\/www.w3.org\/2000\/svg\"  aria-hidden=\"true\"><path d=\"M22 11.08V12a10 10 0 1 1-5.93-9.14\"\/><polyline points=\"22 4 12 14.01 9 11.01\"\/><\/svg><\/span><span class=\"kt-svg-icon-list-text\">Fragen zu Wohnung, Arbeit, Aufenthaltsrecht \u2013 im Einzelfall ist eine pers\u00f6nliche Begleitung m\u00f6glich<\/span><\/li>\n<\/ul><\/div>\n\n\n<style>.wp-block-kadence-advancedheading.kt-adv-heading5556_1614a4-71, .wp-block-kadence-advancedheading.kt-adv-heading5556_1614a4-71[data-kb-block=\"kb-adv-heading5556_1614a4-71\"]{font-style:normal;}.wp-block-kadence-advancedheading.kt-adv-heading5556_1614a4-71 mark.kt-highlight, .wp-block-kadence-advancedheading.kt-adv-heading5556_1614a4-71[data-kb-block=\"kb-adv-heading5556_1614a4-71\"] mark.kt-highlight{font-style:normal;color:#f76a0c;-webkit-box-decoration-break:clone;box-decoration-break:clone;padding-top:0px;padding-right:0px;padding-bottom:0px;padding-left:0px;}.wp-block-kadence-advancedheading.kt-adv-heading5556_1614a4-71 img.kb-inline-image, .wp-block-kadence-advancedheading.kt-adv-heading5556_1614a4-71[data-kb-block=\"kb-adv-heading5556_1614a4-71\"] img.kb-inline-image{width:150px;vertical-align:baseline;}<\/style>\n<p class=\"kt-adv-heading5556_1614a4-71 wp-block-kadence-advancedheading\" data-kb-block=\"kb-adv-heading5556_1614a4-71\"><span style=\"text-decoration: underline;\">F\u00fcr die Beratung gelten folgende Grunds\u00e4tze<\/span><\/p>\n\n\n\n<ul class=\"wp-block-list\">\n<li>Das Beratungsangebot ist kostenlos<\/li>\n\n\n\n<li>Alle Informationen werden vertraulich behandelt<\/li>\n\n\n\n<li>NIfA e.V. verpflichtet sich zu striktem Datenschutz<\/li>\n\n\n\n<li>Die Beratung erfolgt \u00fcberparteilich unabh\u00e4ngig von Staatsangeh\u00f6rigkeit und Religionszugeh\u00f6rigkeit<\/li>\n\n\n\n<li>Eine Rechtsberatung findet nicht statt.<\/li>\n<\/ul>\n\n\n\n<p><\/p>\n","protected":false},"excerpt":{"rendered":"<p>Beratungsangebot NIfA e.V.Beratungszeiten\u00a0(nur nach telefonischer Vereinbarung):Dienstag, 9:00 Uhr \u2013 13:00 UhrDonnerstag, 9:00 Uhr \u2013 13:00 Uhr NIfA-B\u00fcroK\u00f6nigstra\u00dfe 6490402 N\u00fcrnbergTel. 0911\/2346310 Das Beratungsangebot im NIfA B\u00fcro ist f\u00fcr alle Mitb\u00fcrgerinnen und [&hellip;]<\/p>\n","protected":false},"author":2,"featured_media":0,"parent":0,"menu_order":0,"comment_status":"closed","ping_status":"closed","template":"","meta":{"ngg_post_thumbnail":0,"_price":"","_stock":"","_tribe_ticket_header":"","_tribe_default_ticket_provider":"","_tribe_ticket_capacity":"0","_ticket_start_date":"","_ticket_end_date":"","_tribe_ticket_show_description":"","_tribe_ticket_show_not_going":false,"_tribe_ticket_use_global_stock":"","_tribe_ticket_global_stock_level":"","_global_stock_mode":"","_global_stock_cap":"","_tribe_rsvp_for_event":"","_tribe_ticket_going_count":"","_tribe_ticket_not_going_count":"","_tribe_tickets_list":"[]","_tribe_ticket_has_attendee_info_fields":false,"_EventAllDay":false,"_EventTimezone":"","_EventStartDate":"","_EventEndDate":"","_EventStartDateUTC":"","_EventEndDateUTC":"","_EventShowMap":false,"_EventShowMapLink":false,"_EventURL":"","_EventCost":"","_EventCostDescription":"","_EventCurrencySymbol":"","_EventCurrencyCode":"","_EventCurrencyPosition":"","_EventDateTimeSeparator":"","_EventTimeRangeSeparator":"","_EventOrganizerID":[],"_EventVenueID":[],"_OrganizerEmail":"","_OrganizerPhone":"","_OrganizerWebsite":"","_VenueAddress":"","_VenueCity":"","_VenueCountry":"","_VenueProvince":"","_VenueState":"","_VenueZip":"","_VenuePhone":"","_VenueURL":"","_VenueStateProvince":"","_VenueLat":"","_VenueLng":"","_VenueShowMap":false,"_VenueShowMapLink":false,"footnotes":"","_tec_slr_enabled":"","_tec_slr_layout":""},"class_list":["post-5556","page","type-page","status-publish","hentry"],"yoast_head":"<!-- This site is optimized with the Yoast SEO plugin v27.4 - https:\/\/yoast.com\/product\/yoast-seo-wordpress\/ -->\n<title>Beratung - N\u00fcrnberger Initiative F\u00fcr Afrika e.V.<\/title>\n<meta name=\"robots\" content=\"index, follow, max-snippet:-1, max-image-preview:large, max-video-preview:-1\" \/>\n<link rel=\"canonical\" href=\"https:\/\/www.nifa-bayern.de\/?page_id=5556\" \/>\n<meta property=\"og:locale\" content=\"de_DE\" \/>\n<meta property=\"og:type\" content=\"article\" \/>\n<meta property=\"og:title\" content=\"Beratung - N\u00fcrnberger Initiative F\u00fcr Afrika e.V.\" \/>\n<meta property=\"og:description\" content=\"Beratungsangebot NIfA e.V.Beratungszeiten\u00a0(nur nach telefonischer Vereinbarung):Dienstag, 9:00 Uhr \u2013 13:00 UhrDonnerstag, 9:00 Uhr \u2013 13:00 Uhr NIfA-B\u00fcroK\u00f6nigstra\u00dfe 6490402 N\u00fcrnbergTel. 0911\/2346310 Das Beratungsangebot im NIfA B\u00fcro ist f\u00fcr alle Mitb\u00fcrgerinnen und [&hellip;]\" \/>\n<meta property=\"og:url\" content=\"https:\/\/www.nifa-bayern.de\/?page_id=5556\" \/>\n<meta property=\"og:site_name\" content=\"N\u00fcrnberger Initiative F\u00fcr Afrika e.V.\" \/>\n<meta property=\"article:publisher\" content=\"https:\/\/www.facebook.com\/NIfABayern\" \/>\n<meta property=\"article:modified_time\" content=\"2025-06-21T18:16:08+00:00\" \/>\n<meta name=\"twitter:card\" content=\"summary_large_image\" \/>\n<meta name=\"twitter:label1\" content=\"Gesch\u00e4tzte Lesezeit\" \/>\n\t<meta name=\"twitter:data1\" content=\"1\u00a0Minute\" \/>\n<script type=\"application\/ld+json\" class=\"yoast-schema-graph\">{\"@context\":\"https:\\\/\\\/schema.org\",\"@graph\":[{\"@type\":\"WebPage\",\"@id\":\"https:\\\/\\\/www.nifa-bayern.de\\\/?page_id=5556\",\"url\":\"https:\\\/\\\/www.nifa-bayern.de\\\/?page_id=5556\",\"name\":\"Beratung - N\u00fcrnberger Initiative F\u00fcr Afrika e.V.\",\"isPartOf\":{\"@id\":\"https:\\\/\\\/www.nifa-bayern.de\\\/#website\"},\"datePublished\":\"2024-04-16T21:00:05+00:00\",\"dateModified\":\"2025-06-21T18:16:08+00:00\",\"breadcrumb\":{\"@id\":\"https:\\\/\\\/www.nifa-bayern.de\\\/?page_id=5556#breadcrumb\"},\"inLanguage\":\"de\",\"potentialAction\":[{\"@type\":\"ReadAction\",\"target\":[\"https:\\\/\\\/www.nifa-bayern.de\\\/?page_id=5556\"]}]},{\"@type\":\"BreadcrumbList\",\"@id\":\"https:\\\/\\\/www.nifa-bayern.de\\\/?page_id=5556#breadcrumb\",\"itemListElement\":[{\"@type\":\"ListItem\",\"position\":1,\"name\":\"Startseite\",\"item\":\"https:\\\/\\\/www.nifa-bayern.de\\\/\"},{\"@type\":\"ListItem\",\"position\":2,\"name\":\"Beratung\"}]},{\"@type\":\"WebSite\",\"@id\":\"https:\\\/\\\/www.nifa-bayern.de\\\/#website\",\"url\":\"https:\\\/\\\/www.nifa-bayern.de\\\/\",\"name\":\"N\u00fcrnberger Initiative F\u00fcr Afrika\",\"description\":\"\",\"publisher\":{\"@id\":\"https:\\\/\\\/www.nifa-bayern.de\\\/#organization\"},\"potentialAction\":[{\"@type\":\"SearchAction\",\"target\":{\"@type\":\"EntryPoint\",\"urlTemplate\":\"https:\\\/\\\/www.nifa-bayern.de\\\/?s={search_term_string}\"},\"query-input\":{\"@type\":\"PropertyValueSpecification\",\"valueRequired\":true,\"valueName\":\"search_term_string\"}}],\"inLanguage\":\"de\"},{\"@type\":\"Organization\",\"@id\":\"https:\\\/\\\/www.nifa-bayern.de\\\/#organization\",\"name\":\"N\u00fcrnberger Initiative F\u00fcr Afrika\",\"url\":\"https:\\\/\\\/www.nifa-bayern.de\\\/\",\"logo\":{\"@type\":\"ImageObject\",\"inLanguage\":\"de\",\"@id\":\"https:\\\/\\\/www.nifa-bayern.de\\\/#\\\/schema\\\/logo\\\/image\\\/\",\"url\":\"https:\\\/\\\/www.nifa-bayern.de\\\/wp-content\\\/uploads\\\/2020\\\/07\\\/NIFA_Logo_small.png\",\"contentUrl\":\"https:\\\/\\\/www.nifa-bayern.de\\\/wp-content\\\/uploads\\\/2020\\\/07\\\/NIFA_Logo_small.png\",\"width\":570,\"height\":231,\"caption\":\"N\u00fcrnberger Initiative F\u00fcr Afrika\"},\"image\":{\"@id\":\"https:\\\/\\\/www.nifa-bayern.de\\\/#\\\/schema\\\/logo\\\/image\\\/\"},\"sameAs\":[\"https:\\\/\\\/www.facebook.com\\\/NIfABayern\"]}]}<\/script>\n<!-- \/ Yoast SEO plugin. -->","yoast_head_json":{"title":"Beratung - N\u00fcrnberger Initiative F\u00fcr Afrika e.V.","robots":{"index":"index","follow":"follow","max-snippet":"max-snippet:-1","max-image-preview":"max-image-preview:large","max-video-preview":"max-video-preview:-1"},"canonical":"https:\/\/www.nifa-bayern.de\/?page_id=5556","og_locale":"de_DE","og_type":"article","og_title":"Beratung - N\u00fcrnberger Initiative F\u00fcr Afrika e.V.","og_description":"Beratungsangebot NIfA e.V.Beratungszeiten\u00a0(nur nach telefonischer Vereinbarung):Dienstag, 9:00 Uhr \u2013 13:00 UhrDonnerstag, 9:00 Uhr \u2013 13:00 Uhr NIfA-B\u00fcroK\u00f6nigstra\u00dfe 6490402 N\u00fcrnbergTel. 0911\/2346310 Das Beratungsangebot im NIfA B\u00fcro ist f\u00fcr alle Mitb\u00fcrgerinnen und [&hellip;]","og_url":"https:\/\/www.nifa-bayern.de\/?page_id=5556","og_site_name":"N\u00fcrnberger Initiative F\u00fcr Afrika e.V.","article_publisher":"https:\/\/www.facebook.com\/NIfABayern","article_modified_time":"2025-06-21T18:16:08+00:00","twitter_card":"summary_large_image","twitter_misc":{"Gesch\u00e4tzte Lesezeit":"1\u00a0Minute"},"schema":{"@context":"https:\/\/schema.org","@graph":[{"@type":"WebPage","@id":"https:\/\/www.nifa-bayern.de\/?page_id=5556","url":"https:\/\/www.nifa-bayern.de\/?page_id=5556","name":"Beratung - N\u00fcrnberger Initiative F\u00fcr Afrika e.V.","isPartOf":{"@id":"https:\/\/www.nifa-bayern.de\/#website"},"datePublished":"2024-04-16T21:00:05+00:00","dateModified":"2025-06-21T18:16:08+00:00","breadcrumb":{"@id":"https:\/\/www.nifa-bayern.de\/?page_id=5556#breadcrumb"},"inLanguage":"de","potentialAction":[{"@type":"ReadAction","target":["https:\/\/www.nifa-bayern.de\/?page_id=5556"]}]},{"@type":"BreadcrumbList","@id":"https:\/\/www.nifa-bayern.de\/?page_id=5556#breadcrumb","itemListElement":[{"@type":"ListItem","position":1,"name":"Startseite","item":"https:\/\/www.nifa-bayern.de\/"},{"@type":"ListItem","position":2,"name":"Beratung"}]},{"@type":"WebSite","@id":"https:\/\/www.nifa-bayern.de\/#website","url":"https:\/\/www.nifa-bayern.de\/","name":"N\u00fcrnberger Initiative F\u00fcr Afrika","description":"","publisher":{"@id":"https:\/\/www.nifa-bayern.de\/#organization"},"potentialAction":[{"@type":"SearchAction","target":{"@type":"EntryPoint","urlTemplate":"https:\/\/www.nifa-bayern.de\/?s={search_term_string}"},"query-input":{"@type":"PropertyValueSpecification","valueRequired":true,"valueName":"search_term_string"}}],"inLanguage":"de"},{"@type":"Organization","@id":"https:\/\/www.nifa-bayern.de\/#organization","name":"N\u00fcrnberger Initiative F\u00fcr Afrika","url":"https:\/\/www.nifa-bayern.de\/","logo":{"@type":"ImageObject","inLanguage":"de","@id":"https:\/\/www.nifa-bayern.de\/#\/schema\/logo\/image\/","url":"https:\/\/www.nifa-bayern.de\/wp-content\/uploads\/2020\/07\/NIFA_Logo_small.png","contentUrl":"https:\/\/www.nifa-bayern.de\/wp-content\/uploads\/2020\/07\/NIFA_Logo_small.png","width":570,"height":231,"caption":"N\u00fcrnberger Initiative F\u00fcr Afrika"},"image":{"@id":"https:\/\/www.nifa-bayern.de\/#\/schema\/logo\/image\/"},"sameAs":["https:\/\/www.facebook.com\/NIfABayern"]}]}},"ticketed":false,"_links":{"self":[{"href":"https:\/\/www.nifa-bayern.de\/index.php?rest_route=\/wp\/v2\/pages\/5556","targetHints":{"allow":["GET"]}}],"collection":[{"href":"https:\/\/www.nifa-bayern.de\/index.php?rest_route=\/wp\/v2\/pages"}],"about":[{"href":"https:\/\/www.nifa-bayern.de\/index.php?rest_route=\/wp\/v2\/types\/page"}],"author":[{"embeddable":true,"href":"https:\/\/www.nifa-bayern.de\/index.php?rest_route=\/wp\/v2\/users\/2"}],"replies":[{"embeddable":true,"href":"https:\/\/www.nifa-bayern.de\/index.php?rest_route=%2Fwp%2Fv2%2Fcomments&post=5556"}],"version-history":[{"count":5,"href":"https:\/\/www.nifa-bayern.de\/index.php?rest_route=\/wp\/v2\/pages\/5556\/revisions"}],"predecessor-version":[{"id":6808,"href":"https:\/\/www.nifa-bayern.de\/index.php?rest_route=\/wp\/v2\/pages\/5556\/revisions\/6808"}],"wp:attachment":[{"href":"https:\/\/www.nifa-bayern.de\/index.php?rest_route=%2Fwp%2Fv2%2Fmedia&parent=5556"}],"curies":[{"name":"wp","href":"https:\/\/api.w.org\/{rel}","templated":true}]}}