{"id":5566,"date":"2024-04-16T21:03:16","date_gmt":"2024-04-16T21:03:16","guid":{"rendered":"https:\/\/www.nifa-bayern.de\/?page_id=5566"},"modified":"2026-02-03T11:16:41","modified_gmt":"2026-02-03T11:16:41","slug":"afrikanische-kinowelte","status":"publish","type":"page","link":"https:\/\/www.nifa-bayern.de\/?page_id=5566","title":{"rendered":"Afrikanische Kinowelte"},"content":{"rendered":"\n<p>Einen festen Bestandteil des Filmhausprogramms stellt die Reihe Afrikanische Kinowelten dar. Seit dem Jahr 2003 werfen wir einmal monatlich einen Blick auf die afrikanische Filmlandschaft und zeigen im Wechsel interessante aktuelle Produktionen und afrikanische Klassiker. Die Filme erfahren eine Einf\u00fchrung, im Anschluss an die Vorstellung besteht die M\u00f6glichkeit zum Gespr\u00e4ch, teils auch mit anwesenden FilmemacherInnen. In Kooperation mit dem Filmhaus N\u00fcrnberg.<\/p>\n\n\n\n<h5 class=\"wp-block-heading\"><mark style=\"background-color:rgba(0, 0, 0, 0)\" class=\"has-inline-color has-vivid-red-color\">Am Mittwoch, den\u00a018. Februar 2026\u00a0zeigen wir ab\u00a018:30 Uhr\u00a0im Filmhauskino den Film\u00a0\u201eON Becomming a Guinea Fowl\u201c\u00a0mit Vorfilm\u00a0\u201eKatope\u201c\u00a0in\u00a0Kooperation mit dem Filmhaus N\u00fcrnberg<\/mark>.\u00a0<a href=\"https:\/\/nifa-bayern.de\/?tribe_events=afrikanische-kinowelten-rabi-vorfilm-katope\">Zum Film HIER!<\/a><\/h5>\n\n\n\n<h5 class=\"wp-block-heading\">&nbsp;<\/h5>\n\n\n\n<h3 class=\"wp-block-heading\">F\u00fcr alle Filmfans:&nbsp;<a href=\"https:\/\/www.kunstkulturquartier.de\/filmhaus\" target=\"_blank\" rel=\"noreferrer noopener\">Hier gehts zum Programm des Filmhauses<\/a><\/h3>\n\n\n\n<figure class=\"wp-block-image size-large\"><img fetchpriority=\"high\" decoding=\"async\" width=\"1024\" height=\"768\" src=\"https:\/\/www.nifa-bayern.de\/wp-content\/uploads\/2025\/07\/IMG_8530-1024x768.jpg\" alt=\"\" class=\"wp-image-7045\" srcset=\"https:\/\/www.nifa-bayern.de\/wp-content\/uploads\/2025\/07\/IMG_8530-1024x768.jpg 1024w, https:\/\/www.nifa-bayern.de\/wp-content\/uploads\/2025\/07\/IMG_8530-300x225.jpg 300w, https:\/\/www.nifa-bayern.de\/wp-content\/uploads\/2025\/07\/IMG_8530-768x576.jpg 768w, https:\/\/www.nifa-bayern.de\/wp-content\/uploads\/2025\/07\/IMG_8530-1536x1152.jpg 1536w, https:\/\/www.nifa-bayern.de\/wp-content\/uploads\/2025\/07\/IMG_8530-2048x1536.jpg 2048w, https:\/\/www.nifa-bayern.de\/wp-content\/uploads\/2025\/07\/IMG_8530-600x450.jpg 600w, https:\/\/www.nifa-bayern.de\/wp-content\/uploads\/2025\/07\/IMG_8530-560x420.jpg 560w\" sizes=\"(max-width: 1024px) 100vw, 1024px\" \/><\/figure>\n\n\n\n<p><\/p>\n","protected":false},"excerpt":{"rendered":"<p>Einen festen Bestandteil des Filmhausprogramms stellt die Reihe Afrikanische Kinowelten dar. Seit dem Jahr 2003 werfen wir einmal monatlich einen Blick auf die afrikanische Filmlandschaft und zeigen im Wechsel interessante [&hellip;]<\/p>\n","protected":false},"author":2,"featured_media":0,"parent":0,"menu_order":0,"comment_status":"closed","ping_status":"closed","template":"","meta":{"ngg_post_thumbnail":0,"_price":"","_stock":"","_tribe_ticket_header":"","_tribe_default_ticket_provider":"","_tribe_ticket_capacity":"0","_ticket_start_date":"","_ticket_end_date":"","_tribe_ticket_show_description":"","_tribe_ticket_show_not_going":false,"_tribe_ticket_use_global_stock":"","_tribe_ticket_global_stock_level":"","_global_stock_mode":"","_global_stock_cap":"","_tribe_rsvp_for_event":"","_tribe_ticket_going_count":"","_tribe_ticket_not_going_count":"","_tribe_tickets_list":"[]","_tribe_ticket_has_attendee_info_fields":false,"_EventAllDay":false,"_EventTimezone":"","_EventStartDate":"","_EventEndDate":"","_EventStartDateUTC":"","_EventEndDateUTC":"","_EventShowMap":false,"_EventShowMapLink":false,"_EventURL":"","_EventCost":"","_EventCostDescription":"","_EventCurrencySymbol":"","_EventCurrencyCode":"","_EventCurrencyPosition":"","_EventDateTimeSeparator":"","_EventTimeRangeSeparator":"","_EventOrganizerID":[],"_EventVenueID":[],"_OrganizerEmail":"","_OrganizerPhone":"","_OrganizerWebsite":"","_VenueAddress":"","_VenueCity":"","_VenueCountry":"","_VenueProvince":"","_VenueState":"","_VenueZip":"","_VenuePhone":"","_VenueURL":"","_VenueStateProvince":"","_VenueLat":"","_VenueLng":"","_VenueShowMap":false,"_VenueShowMapLink":false,"footnotes":"","_tec_slr_enabled":"","_tec_slr_layout":""},"class_list":["post-5566","page","type-page","status-publish","hentry"],"yoast_head":"<!-- This site is optimized with the Yoast SEO plugin v27.4 - https:\/\/yoast.com\/product\/yoast-seo-wordpress\/ -->\n<title>Afrikanische Kinowelte - N\u00fcrnberger Initiative F\u00fcr Afrika e.V.<\/title>\n<meta name=\"robots\" content=\"index, follow, max-snippet:-1, max-image-preview:large, max-video-preview:-1\" \/>\n<link rel=\"canonical\" href=\"https:\/\/www.nifa-bayern.de\/?page_id=5566\" \/>\n<meta property=\"og:locale\" content=\"de_DE\" \/>\n<meta property=\"og:type\" content=\"article\" \/>\n<meta property=\"og:title\" content=\"Afrikanische Kinowelte - N\u00fcrnberger Initiative F\u00fcr Afrika e.V.\" \/>\n<meta property=\"og:description\" content=\"Einen festen Bestandteil des Filmhausprogramms stellt die Reihe Afrikanische Kinowelten dar. Seit dem Jahr 2003 werfen wir einmal monatlich einen Blick auf die afrikanische Filmlandschaft und zeigen im Wechsel interessante [&hellip;]\" \/>\n<meta property=\"og:url\" content=\"https:\/\/www.nifa-bayern.de\/?page_id=5566\" \/>\n<meta property=\"og:site_name\" content=\"N\u00fcrnberger Initiative F\u00fcr Afrika e.V.\" \/>\n<meta property=\"article:publisher\" content=\"https:\/\/www.facebook.com\/NIfABayern\" \/>\n<meta property=\"article:modified_time\" content=\"2026-02-03T11:16:41+00:00\" \/>\n<meta property=\"og:image\" content=\"https:\/\/www.nifa-bayern.de\/wp-content\/uploads\/2025\/07\/IMG_8530-scaled.jpg\" \/>\n\t<meta property=\"og:image:width\" content=\"2560\" \/>\n\t<meta property=\"og:image:height\" content=\"1920\" \/>\n\t<meta property=\"og:image:type\" content=\"image\/jpeg\" \/>\n<meta name=\"twitter:card\" content=\"summary_large_image\" \/>\n<meta name=\"twitter:label1\" content=\"Gesch\u00e4tzte Lesezeit\" \/>\n\t<meta name=\"twitter:data1\" content=\"1\u00a0Minute\" \/>\n<script type=\"application\/ld+json\" class=\"yoast-schema-graph\">{\"@context\":\"https:\\\/\\\/schema.org\",\"@graph\":[{\"@type\":\"WebPage\",\"@id\":\"https:\\\/\\\/www.nifa-bayern.de\\\/?page_id=5566\",\"url\":\"https:\\\/\\\/www.nifa-bayern.de\\\/?page_id=5566\",\"name\":\"Afrikanische Kinowelte - N\u00fcrnberger Initiative F\u00fcr Afrika e.V.\",\"isPartOf\":{\"@id\":\"https:\\\/\\\/www.nifa-bayern.de\\\/#website\"},\"primaryImageOfPage\":{\"@id\":\"https:\\\/\\\/www.nifa-bayern.de\\\/?page_id=5566#primaryimage\"},\"image\":{\"@id\":\"https:\\\/\\\/www.nifa-bayern.de\\\/?page_id=5566#primaryimage\"},\"thumbnailUrl\":\"https:\\\/\\\/www.nifa-bayern.de\\\/wp-content\\\/uploads\\\/2025\\\/07\\\/IMG_8530-1024x768.jpg\",\"datePublished\":\"2024-04-16T21:03:16+00:00\",\"dateModified\":\"2026-02-03T11:16:41+00:00\",\"breadcrumb\":{\"@id\":\"https:\\\/\\\/www.nifa-bayern.de\\\/?page_id=5566#breadcrumb\"},\"inLanguage\":\"de\",\"potentialAction\":[{\"@type\":\"ReadAction\",\"target\":[\"https:\\\/\\\/www.nifa-bayern.de\\\/?page_id=5566\"]}]},{\"@type\":\"ImageObject\",\"inLanguage\":\"de\",\"@id\":\"https:\\\/\\\/www.nifa-bayern.de\\\/?page_id=5566#primaryimage\",\"url\":\"https:\\\/\\\/www.nifa-bayern.de\\\/wp-content\\\/uploads\\\/2025\\\/07\\\/IMG_8530-scaled.jpg\",\"contentUrl\":\"https:\\\/\\\/www.nifa-bayern.de\\\/wp-content\\\/uploads\\\/2025\\\/07\\\/IMG_8530-scaled.jpg\",\"width\":2560,\"height\":1920},{\"@type\":\"BreadcrumbList\",\"@id\":\"https:\\\/\\\/www.nifa-bayern.de\\\/?page_id=5566#breadcrumb\",\"itemListElement\":[{\"@type\":\"ListItem\",\"position\":1,\"name\":\"Startseite\",\"item\":\"https:\\\/\\\/www.nifa-bayern.de\\\/\"},{\"@type\":\"ListItem\",\"position\":2,\"name\":\"Afrikanische Kinowelte\"}]},{\"@type\":\"WebSite\",\"@id\":\"https:\\\/\\\/www.nifa-bayern.de\\\/#website\",\"url\":\"https:\\\/\\\/www.nifa-bayern.de\\\/\",\"name\":\"N\u00fcrnberger Initiative F\u00fcr Afrika\",\"description\":\"\",\"publisher\":{\"@id\":\"https:\\\/\\\/www.nifa-bayern.de\\\/#organization\"},\"potentialAction\":[{\"@type\":\"SearchAction\",\"target\":{\"@type\":\"EntryPoint\",\"urlTemplate\":\"https:\\\/\\\/www.nifa-bayern.de\\\/?s={search_term_string}\"},\"query-input\":{\"@type\":\"PropertyValueSpecification\",\"valueRequired\":true,\"valueName\":\"search_term_string\"}}],\"inLanguage\":\"de\"},{\"@type\":\"Organization\",\"@id\":\"https:\\\/\\\/www.nifa-bayern.de\\\/#organization\",\"name\":\"N\u00fcrnberger Initiative F\u00fcr Afrika\",\"url\":\"https:\\\/\\\/www.nifa-bayern.de\\\/\",\"logo\":{\"@type\":\"ImageObject\",\"inLanguage\":\"de\",\"@id\":\"https:\\\/\\\/www.nifa-bayern.de\\\/#\\\/schema\\\/logo\\\/image\\\/\",\"url\":\"https:\\\/\\\/www.nifa-bayern.de\\\/wp-content\\\/uploads\\\/2020\\\/07\\\/NIFA_Logo_small.png\",\"contentUrl\":\"https:\\\/\\\/www.nifa-bayern.de\\\/wp-content\\\/uploads\\\/2020\\\/07\\\/NIFA_Logo_small.png\",\"width\":570,\"height\":231,\"caption\":\"N\u00fcrnberger Initiative F\u00fcr Afrika\"},\"image\":{\"@id\":\"https:\\\/\\\/www.nifa-bayern.de\\\/#\\\/schema\\\/logo\\\/image\\\/\"},\"sameAs\":[\"https:\\\/\\\/www.facebook.com\\\/NIfABayern\"]}]}<\/script>\n<!-- \/ Yoast SEO plugin. -->","yoast_head_json":{"title":"Afrikanische Kinowelte - N\u00fcrnberger Initiative F\u00fcr Afrika e.V.","robots":{"index":"index","follow":"follow","max-snippet":"max-snippet:-1","max-image-preview":"max-image-preview:large","max-video-preview":"max-video-preview:-1"},"canonical":"https:\/\/www.nifa-bayern.de\/?page_id=5566","og_locale":"de_DE","og_type":"article","og_title":"Afrikanische Kinowelte - N\u00fcrnberger Initiative F\u00fcr Afrika e.V.","og_description":"Einen festen Bestandteil des Filmhausprogramms stellt die Reihe Afrikanische Kinowelten dar. Seit dem Jahr 2003 werfen wir einmal monatlich einen Blick auf die afrikanische Filmlandschaft und zeigen im Wechsel interessante [&hellip;]","og_url":"https:\/\/www.nifa-bayern.de\/?page_id=5566","og_site_name":"N\u00fcrnberger Initiative F\u00fcr Afrika e.V.","article_publisher":"https:\/\/www.facebook.com\/NIfABayern","article_modified_time":"2026-02-03T11:16:41+00:00","og_image":[{"width":2560,"height":1920,"url":"https:\/\/www.nifa-bayern.de\/wp-content\/uploads\/2025\/07\/IMG_8530-scaled.jpg","type":"image\/jpeg"}],"twitter_card":"summary_large_image","twitter_misc":{"Gesch\u00e4tzte Lesezeit":"1\u00a0Minute"},"schema":{"@context":"https:\/\/schema.org","@graph":[{"@type":"WebPage","@id":"https:\/\/www.nifa-bayern.de\/?page_id=5566","url":"https:\/\/www.nifa-bayern.de\/?page_id=5566","name":"Afrikanische Kinowelte - N\u00fcrnberger Initiative F\u00fcr Afrika e.V.","isPartOf":{"@id":"https:\/\/www.nifa-bayern.de\/#website"},"primaryImageOfPage":{"@id":"https:\/\/www.nifa-bayern.de\/?page_id=5566#primaryimage"},"image":{"@id":"https:\/\/www.nifa-bayern.de\/?page_id=5566#primaryimage"},"thumbnailUrl":"https:\/\/www.nifa-bayern.de\/wp-content\/uploads\/2025\/07\/IMG_8530-1024x768.jpg","datePublished":"2024-04-16T21:03:16+00:00","dateModified":"2026-02-03T11:16:41+00:00","breadcrumb":{"@id":"https:\/\/www.nifa-bayern.de\/?page_id=5566#breadcrumb"},"inLanguage":"de","potentialAction":[{"@type":"ReadAction","target":["https:\/\/www.nifa-bayern.de\/?page_id=5566"]}]},{"@type":"ImageObject","inLanguage":"de","@id":"https:\/\/www.nifa-bayern.de\/?page_id=5566#primaryimage","url":"https:\/\/www.nifa-bayern.de\/wp-content\/uploads\/2025\/07\/IMG_8530-scaled.jpg","contentUrl":"https:\/\/www.nifa-bayern.de\/wp-content\/uploads\/2025\/07\/IMG_8530-scaled.jpg","width":2560,"height":1920},{"@type":"BreadcrumbList","@id":"https:\/\/www.nifa-bayern.de\/?page_id=5566#breadcrumb","itemListElement":[{"@type":"ListItem","position":1,"name":"Startseite","item":"https:\/\/www.nifa-bayern.de\/"},{"@type":"ListItem","position":2,"name":"Afrikanische Kinowelte"}]},{"@type":"WebSite","@id":"https:\/\/www.nifa-bayern.de\/#website","url":"https:\/\/www.nifa-bayern.de\/","name":"N\u00fcrnberger Initiative F\u00fcr Afrika","description":"","publisher":{"@id":"https:\/\/www.nifa-bayern.de\/#organization"},"potentialAction":[{"@type":"SearchAction","target":{"@type":"EntryPoint","urlTemplate":"https:\/\/www.nifa-bayern.de\/?s={search_term_string}"},"query-input":{"@type":"PropertyValueSpecification","valueRequired":true,"valueName":"search_term_string"}}],"inLanguage":"de"},{"@type":"Organization","@id":"https:\/\/www.nifa-bayern.de\/#organization","name":"N\u00fcrnberger Initiative F\u00fcr Afrika","url":"https:\/\/www.nifa-bayern.de\/","logo":{"@type":"ImageObject","inLanguage":"de","@id":"https:\/\/www.nifa-bayern.de\/#\/schema\/logo\/image\/","url":"https:\/\/www.nifa-bayern.de\/wp-content\/uploads\/2020\/07\/NIFA_Logo_small.png","contentUrl":"https:\/\/www.nifa-bayern.de\/wp-content\/uploads\/2020\/07\/NIFA_Logo_small.png","width":570,"height":231,"caption":"N\u00fcrnberger Initiative F\u00fcr Afrika"},"image":{"@id":"https:\/\/www.nifa-bayern.de\/#\/schema\/logo\/image\/"},"sameAs":["https:\/\/www.facebook.com\/NIfABayern"]}]}},"ticketed":false,"_links":{"self":[{"href":"https:\/\/www.nifa-bayern.de\/index.php?rest_route=\/wp\/v2\/pages\/5566","targetHints":{"allow":["GET"]}}],"collection":[{"href":"https:\/\/www.nifa-bayern.de\/index.php?rest_route=\/wp\/v2\/pages"}],"about":[{"href":"https:\/\/www.nifa-bayern.de\/index.php?rest_route=\/wp\/v2\/types\/page"}],"author":[{"embeddable":true,"href":"https:\/\/www.nifa-bayern.de\/index.php?rest_route=\/wp\/v2\/users\/2"}],"replies":[{"embeddable":true,"href":"https:\/\/www.nifa-bayern.de\/index.php?rest_route=%2Fwp%2Fv2%2Fcomments&post=5566"}],"version-history":[{"count":5,"href":"https:\/\/www.nifa-bayern.de\/index.php?rest_route=\/wp\/v2\/pages\/5566\/revisions"}],"predecessor-version":[{"id":7917,"href":"https:\/\/www.nifa-bayern.de\/index.php?rest_route=\/wp\/v2\/pages\/5566\/revisions\/7917"}],"wp:attachment":[{"href":"https:\/\/www.nifa-bayern.de\/index.php?rest_route=%2Fwp%2Fv2%2Fmedia&parent=5566"}],"curies":[{"name":"wp","href":"https:\/\/api.w.org\/{rel}","templated":true}]}}