{"id":5879,"date":"2024-05-05T08:09:58","date_gmt":"2024-05-05T08:09:58","guid":{"rendered":"https:\/\/www.nifa-bayern.de\/?page_id=5879"},"modified":"2024-07-01T21:35:16","modified_gmt":"2024-07-01T21:35:16","slug":"bibliothek","status":"publish","type":"page","link":"https:\/\/www.nifa-bayern.de\/?page_id=5879","title":{"rendered":"Bibliothek"},"content":{"rendered":"\n<h1 class=\"wp-block-heading\">Bibliothek<\/h1>\n\n\n\n<p><strong>Im Rahmen unseres Buchsalons am Freitag, 20. Oktober 2024 ab 19:00 Uhr finden im Caritas-Pirckheimer-Haus Lesungen aus der Bibliothek statt. Anschlie\u00dfend kann die Bibliothek besucht werden! <\/strong><\/p>\n\n\n\n<figure class=\"wp-block-image size-full is-resized\"><img fetchpriority=\"high\" decoding=\"async\" width=\"750\" height=\"410\" src=\"https:\/\/www.nifa-bayern.de\/wp-content\/uploads\/2024\/07\/NIfA-Buero-750x410-1.jpg\" alt=\"\" class=\"wp-image-6649\" style=\"width:657px;height:auto\" srcset=\"https:\/\/www.nifa-bayern.de\/wp-content\/uploads\/2024\/07\/NIfA-Buero-750x410-1.jpg 750w, https:\/\/www.nifa-bayern.de\/wp-content\/uploads\/2024\/07\/NIfA-Buero-750x410-1-300x164.jpg 300w, https:\/\/www.nifa-bayern.de\/wp-content\/uploads\/2024\/07\/NIfA-Buero-750x410-1-600x328.jpg 600w, https:\/\/www.nifa-bayern.de\/wp-content\/uploads\/2024\/07\/NIfA-Buero-750x410-1-560x306.jpg 560w\" sizes=\"(max-width: 750px) 100vw, 750px\" \/><\/figure>\n\n\n\n<p>Bibliotheken bilden seit Jahrtausenden Archive des Wissens. N\u00fcrnberg hat das Gl\u00fcck, in Herrn G\u00fcnter Simon einen B\u00fcrger zu beherbergen, der sich in der Stadt jahrzehntelang f\u00fcr die Verbreitung der Kenntnisse von Kulturen und Geschichte Afrikas engagiert hatte, indem er diese in Veranstaltungen des von ihm gegr\u00fcndeten und geleiteten&nbsp;<em>Collegium Martin Behaim e. V.<\/em>&nbsp;der N\u00fcrnberger \u00d6ffentlichkeit vermittelte. Zur Unterst\u00fctzung dieser T\u00e4tigkeit hat er eine private Afrika-Bibliothek zusammengetragen, die er dem Verein EuroGuin\u00e9e e. V. treuh\u00e4nderisch zur Verf\u00fcgung stellte, damit sie der \u00d6ffentlichkeit zug\u00e4nglich gemacht werde, um so die Verbreitung des Wissens von Afrika zu f\u00f6rdern.<\/p>\n\n\n\n<ol class=\"wp-block-list\">\n<li>Die von G\u00fcnter Simon jahrelang erfolgreich veranstaltete Reihe mit Lesungen afrikanischer Literatur kann weiterf\u00fchrt werden.<\/li>\n\n\n\n<li>&nbsp;Sprach-, Koch-, Tanz-, Trommelkurse (sowohl hier im Gro\u00dfraum N\u00fcrnberg wie auch in Verbindung mit Bildungsreisen in afrikanische L\u00e4nder) k\u00f6nnen veranstaltet bzw. vermittelt werden.<\/li>\n\n\n\n<li>In Zusammenarbeit mit der Industrie- und Handelskamme<br>r (IHK) k\u00f6nnen afrikanische und deutsche Unternehmer bei geplanten Investitionen in Afrika und bei sonstigen Gesch\u00e4ftspl\u00e4nen in der Region N\u00fcrnberg beraten werden.<\/li>\n\n\n\n<li>In enger Zusammenarbeit mit entsprechenden NIfA-Partnern kann das B\u00fcro Kontakte oder Partnerschaften zwischen deutschen und afrikanischen Schulen und Universit\u00e4ten, kann kulturellen und wissenschaftlichen Austausch und kann zwischen afrikanischen und deutschen Unternehmen wirtschaftliche Kontakte und Kooperationen vermitteln (ebenfalls in Zusammenarbeit mit der IHK).<\/li>\n\n\n\n<li>Touristische Beratung f\u00fcr geplante Afrikareisen kann angeboten werden.<\/li>\n\n\n\n<li>In der Tradition von G\u00fcnter Simons p\u00e4dagogischen Veranstaltungen k\u00f6nnen f\u00fcr Kinderg\u00e4rten, Grund- und Hauptschulen sowie Gymnasien Aktions- und Informationsveranstaltungen zu verschiedenen afrikanischen Themen organisiert werden.<\/li>\n\n\n\n<li>\u00dcber die j\u00e4hrlich im Rahmen von \u201aAkwaba\u2018 stattfindende Fachtagung hinaus kann das B\u00fcro ganzj\u00e4hrig weitere Seminare, Tagungen, Konferenzen und sonstige Diskussionsveranstaltungen planen und durchf\u00fchren (in enger Zusammenarbeit mit dem CPH, das in der Ausrichtung solcher Veranstaltungen \u00fcber langj\u00e4hrige Erfahrungen verf\u00fcgt).<\/li>\n\n\n\n<li>&nbsp;Anregung und Organisation sonstiger Kulturveranstaltungen (Konzerte, Feste zu verschiedenen afrikanischen Nationalfeiertagen, interkulturelle Feste, etc.)<\/li>\n<\/ol>\n","protected":false},"excerpt":{"rendered":"<p>Bibliothek Im Rahmen unseres Buchsalons am Freitag, 20. Oktober 2024 ab 19:00 Uhr finden im Caritas-Pirckheimer-Haus Lesungen aus der Bibliothek statt. Anschlie\u00dfend kann die Bibliothek besucht werden! Bibliotheken bilden seit [&hellip;]<\/p>\n","protected":false},"author":2,"featured_media":0,"parent":0,"menu_order":0,"comment_status":"closed","ping_status":"closed","template":"","meta":{"ngg_post_thumbnail":0,"_price":"","_stock":"","_tribe_ticket_header":"","_tribe_default_ticket_provider":"","_tribe_ticket_capacity":"0","_ticket_start_date":"","_ticket_end_date":"","_tribe_ticket_show_description":"","_tribe_ticket_show_not_going":false,"_tribe_ticket_use_global_stock":"","_tribe_ticket_global_stock_level":"","_global_stock_mode":"","_global_stock_cap":"","_tribe_rsvp_for_event":"","_tribe_ticket_going_count":"","_tribe_ticket_not_going_count":"","_tribe_tickets_list":"[]","_tribe_ticket_has_attendee_info_fields":false,"_EventAllDay":false,"_EventTimezone":"","_EventStartDate":"","_EventEndDate":"","_EventStartDateUTC":"","_EventEndDateUTC":"","_EventShowMap":false,"_EventShowMapLink":false,"_EventURL":"","_EventCost":"","_EventCostDescription":"","_EventCurrencySymbol":"","_EventCurrencyCode":"","_EventCurrencyPosition":"","_EventDateTimeSeparator":"","_EventTimeRangeSeparator":"","_EventOrganizerID":[],"_EventVenueID":[],"_OrganizerEmail":"","_OrganizerPhone":"","_OrganizerWebsite":"","_VenueAddress":"","_VenueCity":"","_VenueCountry":"","_VenueProvince":"","_VenueState":"","_VenueZip":"","_VenuePhone":"","_VenueURL":"","_VenueStateProvince":"","_VenueLat":"","_VenueLng":"","_VenueShowMap":false,"_VenueShowMapLink":false,"footnotes":"","_tec_slr_enabled":"","_tec_slr_layout":""},"class_list":["post-5879","page","type-page","status-publish","hentry"],"yoast_head":"<!-- This site is optimized with the Yoast SEO plugin v27.4 - https:\/\/yoast.com\/product\/yoast-seo-wordpress\/ -->\n<title>Bibliothek - N\u00fcrnberger Initiative F\u00fcr Afrika e.V.<\/title>\n<meta name=\"robots\" content=\"index, follow, max-snippet:-1, max-image-preview:large, max-video-preview:-1\" \/>\n<link rel=\"canonical\" href=\"https:\/\/www.nifa-bayern.de\/?page_id=5879\" \/>\n<meta property=\"og:locale\" content=\"de_DE\" \/>\n<meta property=\"og:type\" content=\"article\" \/>\n<meta property=\"og:title\" content=\"Bibliothek - N\u00fcrnberger Initiative F\u00fcr Afrika e.V.\" \/>\n<meta property=\"og:description\" content=\"Bibliothek Im Rahmen unseres Buchsalons am Freitag, 20. Oktober 2024 ab 19:00 Uhr finden im Caritas-Pirckheimer-Haus Lesungen aus der Bibliothek statt. Anschlie\u00dfend kann die Bibliothek besucht werden! Bibliotheken bilden seit [&hellip;]\" \/>\n<meta property=\"og:url\" content=\"https:\/\/www.nifa-bayern.de\/?page_id=5879\" \/>\n<meta property=\"og:site_name\" content=\"N\u00fcrnberger Initiative F\u00fcr Afrika e.V.\" \/>\n<meta property=\"article:publisher\" content=\"https:\/\/www.facebook.com\/NIfABayern\" \/>\n<meta property=\"article:modified_time\" content=\"2024-07-01T21:35:16+00:00\" \/>\n<meta property=\"og:image\" content=\"https:\/\/www.nifa-bayern.de\/wp-content\/uploads\/2024\/07\/NIfA-Buero-750x410-1.jpg\" \/>\n<meta name=\"twitter:card\" content=\"summary_large_image\" \/>\n<meta name=\"twitter:label1\" content=\"Gesch\u00e4tzte Lesezeit\" \/>\n\t<meta name=\"twitter:data1\" content=\"2\u00a0Minuten\" \/>\n<script type=\"application\/ld+json\" class=\"yoast-schema-graph\">{\"@context\":\"https:\\\/\\\/schema.org\",\"@graph\":[{\"@type\":\"WebPage\",\"@id\":\"https:\\\/\\\/www.nifa-bayern.de\\\/?page_id=5879\",\"url\":\"https:\\\/\\\/www.nifa-bayern.de\\\/?page_id=5879\",\"name\":\"Bibliothek - N\u00fcrnberger Initiative F\u00fcr Afrika e.V.\",\"isPartOf\":{\"@id\":\"https:\\\/\\\/www.nifa-bayern.de\\\/#website\"},\"primaryImageOfPage\":{\"@id\":\"https:\\\/\\\/www.nifa-bayern.de\\\/?page_id=5879#primaryimage\"},\"image\":{\"@id\":\"https:\\\/\\\/www.nifa-bayern.de\\\/?page_id=5879#primaryimage\"},\"thumbnailUrl\":\"https:\\\/\\\/www.nifa-bayern.de\\\/wp-content\\\/uploads\\\/2024\\\/07\\\/NIfA-Buero-750x410-1.jpg\",\"datePublished\":\"2024-05-05T08:09:58+00:00\",\"dateModified\":\"2024-07-01T21:35:16+00:00\",\"breadcrumb\":{\"@id\":\"https:\\\/\\\/www.nifa-bayern.de\\\/?page_id=5879#breadcrumb\"},\"inLanguage\":\"de\",\"potentialAction\":[{\"@type\":\"ReadAction\",\"target\":[\"https:\\\/\\\/www.nifa-bayern.de\\\/?page_id=5879\"]}]},{\"@type\":\"ImageObject\",\"inLanguage\":\"de\",\"@id\":\"https:\\\/\\\/www.nifa-bayern.de\\\/?page_id=5879#primaryimage\",\"url\":\"https:\\\/\\\/www.nifa-bayern.de\\\/wp-content\\\/uploads\\\/2024\\\/07\\\/NIfA-Buero-750x410-1.jpg\",\"contentUrl\":\"https:\\\/\\\/www.nifa-bayern.de\\\/wp-content\\\/uploads\\\/2024\\\/07\\\/NIfA-Buero-750x410-1.jpg\",\"width\":750,\"height\":410,\"caption\":\"SAMSUNG DIGITAL CAMERA\"},{\"@type\":\"BreadcrumbList\",\"@id\":\"https:\\\/\\\/www.nifa-bayern.de\\\/?page_id=5879#breadcrumb\",\"itemListElement\":[{\"@type\":\"ListItem\",\"position\":1,\"name\":\"Startseite\",\"item\":\"https:\\\/\\\/www.nifa-bayern.de\\\/\"},{\"@type\":\"ListItem\",\"position\":2,\"name\":\"Bibliothek\"}]},{\"@type\":\"WebSite\",\"@id\":\"https:\\\/\\\/www.nifa-bayern.de\\\/#website\",\"url\":\"https:\\\/\\\/www.nifa-bayern.de\\\/\",\"name\":\"N\u00fcrnberger Initiative F\u00fcr Afrika\",\"description\":\"\",\"publisher\":{\"@id\":\"https:\\\/\\\/www.nifa-bayern.de\\\/#organization\"},\"potentialAction\":[{\"@type\":\"SearchAction\",\"target\":{\"@type\":\"EntryPoint\",\"urlTemplate\":\"https:\\\/\\\/www.nifa-bayern.de\\\/?s={search_term_string}\"},\"query-input\":{\"@type\":\"PropertyValueSpecification\",\"valueRequired\":true,\"valueName\":\"search_term_string\"}}],\"inLanguage\":\"de\"},{\"@type\":\"Organization\",\"@id\":\"https:\\\/\\\/www.nifa-bayern.de\\\/#organization\",\"name\":\"N\u00fcrnberger Initiative F\u00fcr Afrika\",\"url\":\"https:\\\/\\\/www.nifa-bayern.de\\\/\",\"logo\":{\"@type\":\"ImageObject\",\"inLanguage\":\"de\",\"@id\":\"https:\\\/\\\/www.nifa-bayern.de\\\/#\\\/schema\\\/logo\\\/image\\\/\",\"url\":\"https:\\\/\\\/www.nifa-bayern.de\\\/wp-content\\\/uploads\\\/2020\\\/07\\\/NIFA_Logo_small.png\",\"contentUrl\":\"https:\\\/\\\/www.nifa-bayern.de\\\/wp-content\\\/uploads\\\/2020\\\/07\\\/NIFA_Logo_small.png\",\"width\":570,\"height\":231,\"caption\":\"N\u00fcrnberger Initiative F\u00fcr Afrika\"},\"image\":{\"@id\":\"https:\\\/\\\/www.nifa-bayern.de\\\/#\\\/schema\\\/logo\\\/image\\\/\"},\"sameAs\":[\"https:\\\/\\\/www.facebook.com\\\/NIfABayern\"]}]}<\/script>\n<!-- \/ Yoast SEO plugin. -->","yoast_head_json":{"title":"Bibliothek - N\u00fcrnberger Initiative F\u00fcr Afrika e.V.","robots":{"index":"index","follow":"follow","max-snippet":"max-snippet:-1","max-image-preview":"max-image-preview:large","max-video-preview":"max-video-preview:-1"},"canonical":"https:\/\/www.nifa-bayern.de\/?page_id=5879","og_locale":"de_DE","og_type":"article","og_title":"Bibliothek - N\u00fcrnberger Initiative F\u00fcr Afrika e.V.","og_description":"Bibliothek Im Rahmen unseres Buchsalons am Freitag, 20. Oktober 2024 ab 19:00 Uhr finden im Caritas-Pirckheimer-Haus Lesungen aus der Bibliothek statt. Anschlie\u00dfend kann die Bibliothek besucht werden! Bibliotheken bilden seit [&hellip;]","og_url":"https:\/\/www.nifa-bayern.de\/?page_id=5879","og_site_name":"N\u00fcrnberger Initiative F\u00fcr Afrika e.V.","article_publisher":"https:\/\/www.facebook.com\/NIfABayern","article_modified_time":"2024-07-01T21:35:16+00:00","og_image":[{"url":"https:\/\/www.nifa-bayern.de\/wp-content\/uploads\/2024\/07\/NIfA-Buero-750x410-1.jpg","type":"","width":"","height":""}],"twitter_card":"summary_large_image","twitter_misc":{"Gesch\u00e4tzte Lesezeit":"2\u00a0Minuten"},"schema":{"@context":"https:\/\/schema.org","@graph":[{"@type":"WebPage","@id":"https:\/\/www.nifa-bayern.de\/?page_id=5879","url":"https:\/\/www.nifa-bayern.de\/?page_id=5879","name":"Bibliothek - N\u00fcrnberger Initiative F\u00fcr Afrika e.V.","isPartOf":{"@id":"https:\/\/www.nifa-bayern.de\/#website"},"primaryImageOfPage":{"@id":"https:\/\/www.nifa-bayern.de\/?page_id=5879#primaryimage"},"image":{"@id":"https:\/\/www.nifa-bayern.de\/?page_id=5879#primaryimage"},"thumbnailUrl":"https:\/\/www.nifa-bayern.de\/wp-content\/uploads\/2024\/07\/NIfA-Buero-750x410-1.jpg","datePublished":"2024-05-05T08:09:58+00:00","dateModified":"2024-07-01T21:35:16+00:00","breadcrumb":{"@id":"https:\/\/www.nifa-bayern.de\/?page_id=5879#breadcrumb"},"inLanguage":"de","potentialAction":[{"@type":"ReadAction","target":["https:\/\/www.nifa-bayern.de\/?page_id=5879"]}]},{"@type":"ImageObject","inLanguage":"de","@id":"https:\/\/www.nifa-bayern.de\/?page_id=5879#primaryimage","url":"https:\/\/www.nifa-bayern.de\/wp-content\/uploads\/2024\/07\/NIfA-Buero-750x410-1.jpg","contentUrl":"https:\/\/www.nifa-bayern.de\/wp-content\/uploads\/2024\/07\/NIfA-Buero-750x410-1.jpg","width":750,"height":410,"caption":"SAMSUNG DIGITAL CAMERA"},{"@type":"BreadcrumbList","@id":"https:\/\/www.nifa-bayern.de\/?page_id=5879#breadcrumb","itemListElement":[{"@type":"ListItem","position":1,"name":"Startseite","item":"https:\/\/www.nifa-bayern.de\/"},{"@type":"ListItem","position":2,"name":"Bibliothek"}]},{"@type":"WebSite","@id":"https:\/\/www.nifa-bayern.de\/#website","url":"https:\/\/www.nifa-bayern.de\/","name":"N\u00fcrnberger Initiative F\u00fcr Afrika","description":"","publisher":{"@id":"https:\/\/www.nifa-bayern.de\/#organization"},"potentialAction":[{"@type":"SearchAction","target":{"@type":"EntryPoint","urlTemplate":"https:\/\/www.nifa-bayern.de\/?s={search_term_string}"},"query-input":{"@type":"PropertyValueSpecification","valueRequired":true,"valueName":"search_term_string"}}],"inLanguage":"de"},{"@type":"Organization","@id":"https:\/\/www.nifa-bayern.de\/#organization","name":"N\u00fcrnberger Initiative F\u00fcr Afrika","url":"https:\/\/www.nifa-bayern.de\/","logo":{"@type":"ImageObject","inLanguage":"de","@id":"https:\/\/www.nifa-bayern.de\/#\/schema\/logo\/image\/","url":"https:\/\/www.nifa-bayern.de\/wp-content\/uploads\/2020\/07\/NIFA_Logo_small.png","contentUrl":"https:\/\/www.nifa-bayern.de\/wp-content\/uploads\/2020\/07\/NIFA_Logo_small.png","width":570,"height":231,"caption":"N\u00fcrnberger Initiative F\u00fcr Afrika"},"image":{"@id":"https:\/\/www.nifa-bayern.de\/#\/schema\/logo\/image\/"},"sameAs":["https:\/\/www.facebook.com\/NIfABayern"]}]}},"ticketed":false,"_links":{"self":[{"href":"https:\/\/www.nifa-bayern.de\/index.php?rest_route=\/wp\/v2\/pages\/5879","targetHints":{"allow":["GET"]}}],"collection":[{"href":"https:\/\/www.nifa-bayern.de\/index.php?rest_route=\/wp\/v2\/pages"}],"about":[{"href":"https:\/\/www.nifa-bayern.de\/index.php?rest_route=\/wp\/v2\/types\/page"}],"author":[{"embeddable":true,"href":"https:\/\/www.nifa-bayern.de\/index.php?rest_route=\/wp\/v2\/users\/2"}],"replies":[{"embeddable":true,"href":"https:\/\/www.nifa-bayern.de\/index.php?rest_route=%2Fwp%2Fv2%2Fcomments&post=5879"}],"version-history":[{"count":3,"href":"https:\/\/www.nifa-bayern.de\/index.php?rest_route=\/wp\/v2\/pages\/5879\/revisions"}],"predecessor-version":[{"id":6651,"href":"https:\/\/www.nifa-bayern.de\/index.php?rest_route=\/wp\/v2\/pages\/5879\/revisions\/6651"}],"wp:attachment":[{"href":"https:\/\/www.nifa-bayern.de\/index.php?rest_route=%2Fwp%2Fv2%2Fmedia&parent=5879"}],"curies":[{"name":"wp","href":"https:\/\/api.w.org\/{rel}","templated":true}]}}